{"id":4271,"date":"2021-07-17T23:33:16","date_gmt":"2021-07-17T23:33:16","guid":{"rendered":"https:\/\/pimasters.com"},"modified":"2021-07-17T23:33:34","modified_gmt":"2021-07-17T23:33:34","slug":"politica-de-privacidad","status":"publish","type":"page","link":"https:\/\/pimasters.com\/es\/politica-de-privacidad\/","title":{"rendered":"Pol\u00edtica de Privacidad"},"content":{"rendered":"\n<h2 class=\"wp-block-heading\">Pol\u00edtica de Privacidad <\/h2>\n\n<h2 class=\"wp-block-heading\">5 de abril de 2021<\/h2>\n\n<div style=\"height:100px\" aria-hidden=\"true\" class=\"wp-block-spacer\"><\/div>\n\n<h2 class=\"wp-block-heading\">\u00bfQui\u00e9nes somos?<\/h2>\n\n<p>La direcci\u00f3n de nuestro sitio web es: https:\/\/pimasters.com. <\/p>\n\n<p>Nombre de nuestra empresa: PI Masters International, LLC, en Tampa, Florida<\/p>\n\n<h2 class=\"wp-block-heading\">\u00bfQu\u00e9 datos personales recopilamos y por qu\u00e9 los recopilamos?<\/h2>\n\n<p>Al utilizar nuestro Servicio, es posible que le pidamos que nos proporcione cierta informaci\u00f3n de identificaci\u00f3n personal que pueda utilizarse para contactarlo o identificarlo (\u00abDatos personales\u00bb). Personalmente, la informaci\u00f3n identificable puede incluir, pero no se limita a:<\/p>\n\n<ul class=\"wp-block-list\"><li>Direcci\u00f3n de correo electr\u00f3nico<\/li><li>Nombre y apellido<\/li><li>Cookies y datos de uso<\/li><\/ul>\n<p>Podemos utilizar sus Datos personales para comunicarnos con usted con boletines, materiales de marketing o promocionales y otra informaci\u00f3n que pueda ser de su inter\u00e9s. Puede optar por no recibir alguna o todas estas comunicaciones de nuestra parte siguiendo el enlace para cancelar la suscripci\u00f3n o las instrucciones proporcionadas en cualquier correo electr\u00f3nico que le enviemos.<\/p>\n\n<h3 class=\"wp-block-heading\">Datos de uso<\/h3>\n\n<p>Tambi\u00e9n podemos recopilar informaci\u00f3n sobre c\u00f3mo se accede y se utiliza el Servicio (\u00abDatos de uso\u00bb). Estos Datos de uso pueden incluir informaci\u00f3n como la direcci\u00f3n de Protocolo de Internet de su computadora (por ejemplo, direcci\u00f3n IP), el tipo de navegador, la versi\u00f3n del navegador, las p\u00e1ginas de nuestro Servicio que visita, la hora y fecha de su visita, el tiempo que pas\u00f3 en esas p\u00e1ginas, \u00fanico identificadores de dispositivos y otros datos de diagn\u00f3stico.<\/p>\n\n<h3 class=\"wp-block-heading\">Seguimiento y datos de cookies<\/h3>\n\n<p>Usamos cookies y tecnolog\u00edas de seguimiento similares para rastrear la actividad en nuestro Servicio y tenemos cierta informaci\u00f3n.<\/p>\n\n<p>Las cookies son archivos con una peque\u00f1a cantidad de datos que pueden incluir un identificador \u00fanico an\u00f3nimo. Las cookies se env\u00edan a su navegador desde un sitio web y se almacenan en su dispositivo. Tambi\u00e9n se utilizan otras tecnolog\u00edas de seguimiento, como balizas, etiquetas y scripts para recopilar y rastrear informaci\u00f3n y para mejorar y analizar nuestro Servicio.<\/p>\n\n<p>Puede indicarle a su navegador que rechace todas las cookies o que indique cu\u00e1ndo se env\u00eda una cookie. Sin embargo, si no acepta las cookies, es posible que no pueda utilizar algunas partes de nuestro Servicio.<\/p>\n\n<p>Ejemplos de cookies que utilizamos:<\/p>\n\n<ul class=\"wp-block-list\"><li>Cookies de sesi\u00f3n. Usamos cookies de sesi\u00f3n para operar nuestro servicio.<\/li><li>Cookies de preferencia. Usamos cookies de preferencia para recordar sus preferencias y diversas configuraciones.<\/li><\/ul>\n<h4 class=\"wp-block-heading\"><strong>PI Masters International, LLC utiliza los datos recopilados para varios prop\u00f3sitos:<\/strong><\/h4>\n\n<ul class=\"wp-block-list\"><li>Para proporcionar y mantener nuestro Servicio<\/li><li>Para permitirle participar en funciones interactivas de nuestro Servicio cuando elija hacerlo.<\/li><li>Para brindar soporte al cliente<\/li><li>Recopilar an\u00e1lisis o informaci\u00f3n valiosa para que podamos mejorar nuestro Servicio.<\/li><li>Para monitorear el uso de nuestro Servicio<\/li><li>Para detectar, prevenir y abordar problemas t\u00e9cnicos.<\/li><li>Para brindarle noticias, ofertas especiales e informaci\u00f3n general sobre otros bienes, servicios y eventos que ofrecemos que son similares a los que ya ha comprado o sobre los que ha consultado, a menos que haya optado por no recibir dicha informaci\u00f3n.<\/li><\/ul>\n<h2 class=\"wp-block-heading\">Enlaces a otros sitios web <\/h2>\n\n<p>Nuestro Servicio puede contener enlaces a otros sitios que no son operados por nosotros. Si hace clic en el enlace de un tercero, se le dirigir\u00e1 al sitio de ese tercero. Le recomendamos encarecidamente que revise la Pol\u00edtica de Privacidad de cada sitio que visite.<\/p>\n\n<p>No tenemos control ni asumimos ninguna responsabilidad por el contenido, las pol\u00edticas de privacidad o las pr\u00e1cticas de sitios o servicios de terceros.<\/p>\n\n<h2 class=\"wp-block-heading\">Uso de datos<\/h2>\n\n<h3 class=\"wp-block-heading\">\u00bfCu\u00e1nto tiempo conservamos sus datos?<\/h3>\n\n<p>PI Masters International, LLC retendr\u00e1 sus Datos personales solo durante el tiempo que sea necesario para los fines establecidos en esta Pol\u00edtica de Privacidad. Retendremos y usaremos sus Datos personales en la medida necesaria para cumplir con nuestras obligaciones legales (por ejemplo, si estamos obligados a retener sus datos para cumplir con las leyes aplicables), resolver disputas y hacer cumplir nuestros acuerdos y pol\u00edticas legales.<\/p>\n\n<p>PI Masters International, LLC tambi\u00e9n retendr\u00e1 los Datos de uso con fines de an\u00e1lisis interno. Los datos de uso generalmente se conservan durante un per\u00edodo de tiempo m\u00e1s corto, excepto cuando estos datos se utilizan para fortalecer la seguridad o para mejorar la funcionalidad de nuestro servicio, o estamos legalmente obligados a conservar estos datos durante per\u00edodos m\u00e1s largos.<\/p>\n\n<h3 class=\"wp-block-heading\">Que derechos tienes sobre tus datos<\/h3>\n\n<p>Si tiene una cuenta en este sitio o ha dejado comentarios, puede solicitar recibir un archivo exportado de los datos personales que tenemos sobre usted, incluidos los datos que nos haya proporcionado. Tambi\u00e9n puede solicitar que borremos cualquier dato personal que tengamos sobre usted. Esto no incluye ning\u00fan dato que estemos obligados a conservar con fines administrativos, legales o de seguridad.<\/p>\n\n<h3 class=\"wp-block-heading\">\u00bfD\u00f3nde enviamos sus datos?<\/h3>\n\n<p>Los comentarios de los visitantes pueden revisarse a trav\u00e9s de un servicio autom\u00e1tico de detecci\u00f3n de spam.<\/p>\n\n<h2 class=\"wp-block-heading\">\u00bfC\u00f3mo protegemos sus datos?<\/h2>\n\n<p>La seguridad de sus datos es importante para nosotros, pero recuerde que ning\u00fan m\u00e9todo de transmisi\u00f3n a trav\u00e9s de Internet o m\u00e9todo de almacenamiento electr\u00f3nico es 100% seguro. Si bien nos esforzamos por utilizar medios comercialmente aceptables para proteger sus datos personales, no podemos garantizar su seguridad absoluta.<\/p>\n\n<h2 class=\"wp-block-heading\">Con qui\u00e9n compartimos sus datos<\/h2>\n\n<h3 class=\"wp-block-heading\">Divulgaci\u00f3n para la aplicaci\u00f3n de la ley<\/h3>\n\n<p>En determinadas circunstancias, es posible que PI Masters International, LLC deba divulgar sus Datos personales si as\u00ed lo exige la ley o en respuesta a solicitudes v\u00e1lidas de las autoridades p\u00fablicas (por ejemplo, un tribunal o una agencia gubernamental).<\/p>\n\n<h3 class=\"wp-block-heading\">Requerimientos legales<\/h3>\n\n<p>PI Masters International, LLC puede divulgar sus Datos personales con la creencia de buena fe de que dicha acci\u00f3n es necesaria para:<\/p>\n\n<ul class=\"wp-block-list\"><li>Para cumplir con una obligaci\u00f3n legal<\/li><li>Para proteger y defender los derechos o la propiedad de PI Masters International, LLC<\/li><li>Para prevenir o investigar posibles irregularidades en relaci\u00f3n con el Servicio.<\/li><li>Para proteger la seguridad personal de los usuarios del Servicio o del p\u00fablico.<\/li><li>Para protegerse contra la responsabilidad legal<\/li><\/ul>\n<h2 class=\"wp-block-heading\">De qu\u00e9 terceros recibimos datos<\/h2>\n\n<p>Podemos utilizar proveedores de servicios de terceros para monitorear y analizar el uso de nuestro Servicio.<\/p>\n\n<ul class=\"wp-block-list\"><li>Google Analytics: Google Analytics es un servicio de an\u00e1lisis web ofrecido por Google que rastrea e informa el tr\u00e1fico del sitio web. Google utiliza los datos recopilados para rastrear y monitorear el uso de nuestro Servicio. Estos datos se comparten con otros servicios de Google. Google puede utilizar los datos recopilados para contextualizar y personalizar los anuncios de su propia red publicitaria. Puede optar por no hacer que su actividad en el Servicio est\u00e9 disponible para Google Analytics instalando el complemento de inhabilitaci\u00f3n del navegador de Google Analytics. El add-on evita que el JavaScript de Google Analytics (ga.js, analytics.js y dc.js) comparta informaci\u00f3n con Google Analytics sobre la actividad de las visitas. Para obtener m\u00e1s informaci\u00f3n sobre las pr\u00e1cticas de privacidad de Google, visite la p\u00e1gina web Privacidad y condiciones de Google:<a rel=\"noreferrer noopener\" href=\"https:\/\/policies.google.com\/privacy?hl=en\" target=\"_blank\"> https:\/\/policies.google.com\/privacy?hl=es<\/a><\/li><\/ul>\n<h2 class=\"wp-block-heading\">Privacidad de los ni\u00f1os<\/h2>\n\n<p>Nuestro Servicio no se dirige a ninguna persona menor de 18 a\u00f1os (\u00abNi\u00f1os\u00bb).<\/p>\n\n<p>No recopilamos a sabiendas informaci\u00f3n de identificaci\u00f3n personal de ninguna persona menor de 18 a\u00f1os. Si usted es padre o tutor y sabe que su hijo nos ha proporcionado Datos personales, comun\u00edquese con nosotros. Si nos damos cuenta de que hemos recopilado datos personales de ni\u00f1os sin la verificaci\u00f3n del consentimiento de los padres, tomamos medidas para eliminar esa informaci\u00f3n de nuestros servidores.<\/p>\n\n<h2 class=\"wp-block-heading\">Cambios a esta pol\u00edtica de privacidad<\/h2>\n\n<p>Es posible que actualicemos nuestra Pol\u00edtica de privacidad de vez en cuando. Se le recomienda que revise esta Pol\u00edtica de privacidad peri\u00f3dicamente para ver si hay cambios. Los cambios a esta Pol\u00edtica de privacidad entran en vigencia cuando se publican en esta p\u00e1gina.<\/p>\n\n<h2 class=\"wp-block-heading\">Cont\u00e1ctenos<\/h2>\n\n<p>Si tiene alguna pregunta sobre esta Pol\u00edtica de privacidad, comun\u00edquese con nosotros:<a href=\"mailto:info@pimasters.com\"> info@pimasters.com<\/a><\/p>\n","protected":false},"excerpt":{"rendered":"<p>Pol\u00edtica de Privacidad 5 de abril de 2021 \u00bfQui\u00e9nes somos? La direcci\u00f3n de nuestro sitio web es: https:\/\/pimasters.com. Nombre de nuestra empresa: PI Masters International, LLC, en Tampa, Florida \u00bfQu\u00e9 datos personales recopilamos y por qu\u00e9 los recopilamos? Al utilizar nuestro Servicio, es posible que le pidamos que nos proporcione cierta informaci\u00f3n de identificaci\u00f3n personal [&hellip;]<\/p>\n","protected":false},"author":3,"featured_media":0,"parent":0,"menu_order":0,"comment_status":"closed","ping_status":"open","template":"","meta":{"_coblocks_attr":"","_coblocks_dimensions":"","_coblocks_responsive_height":"","_coblocks_accordion_ie_support":"","footnotes":""},"class_list":["post-4271","page","type-page","status-publish","hentry"],"yoast_head":"<!-- This site is optimized with the Yoast SEO Premium plugin v27.0 (Yoast SEO v27.0) - https:\/\/yoast.com\/product\/yoast-seo-premium-wordpress\/ -->\n<title>Pol\u00edtica de Privacidad - PI Masters International<\/title>\n<meta name=\"robots\" content=\"index, follow, max-snippet:-1, max-image-preview:large, max-video-preview:-1\" \/>\n<link rel=\"canonical\" href=\"https:\/\/pimasters.com\/es\/politica-de-privacidad\/\" \/>\n<meta property=\"og:locale\" content=\"es_ES\" \/>\n<meta property=\"og:type\" content=\"article\" \/>\n<meta property=\"og:title\" content=\"Pol\u00edtica de Privacidad\" \/>\n<meta property=\"og:description\" content=\"Pol\u00edtica de Privacidad 5 de abril de 2021 \u00bfQui\u00e9nes somos? La direcci\u00f3n de nuestro sitio web es: https:\/\/pimasters.com. Nombre de nuestra empresa: PI\" \/>\n<meta property=\"og:url\" content=\"https:\/\/pimasters.com\/es\/politica-de-privacidad\/\" \/>\n<meta property=\"og:site_name\" content=\"PI Masters International\" \/>\n<meta property=\"article:modified_time\" content=\"2021-07-17T23:33:34+00:00\" \/>\n<meta name=\"twitter:card\" content=\"summary_large_image\" \/>\n<meta name=\"twitter:label1\" content=\"Tiempo de lectura\" \/>\n\t<meta name=\"twitter:data1\" content=\"7 minutos\" \/>\n<script type=\"application\/ld+json\" class=\"yoast-schema-graph\">{\"@context\":\"https:\/\/schema.org\",\"@graph\":[{\"@type\":\"WebPage\",\"@id\":\"https:\/\/pimasters.com\/es\/politica-de-privacidad\/\",\"url\":\"https:\/\/pimasters.com\/es\/politica-de-privacidad\/\",\"name\":\"Pol\u00edtica de Privacidad - PI Masters International\",\"isPartOf\":{\"@id\":\"https:\/\/pimasters.com\/es\/#website\"},\"datePublished\":\"2021-07-17T23:33:16+00:00\",\"dateModified\":\"2021-07-17T23:33:34+00:00\",\"breadcrumb\":{\"@id\":\"https:\/\/pimasters.com\/es\/politica-de-privacidad\/#breadcrumb\"},\"inLanguage\":\"es\",\"potentialAction\":[{\"@type\":\"ReadAction\",\"target\":[\"https:\/\/pimasters.com\/es\/politica-de-privacidad\/\"]}]},{\"@type\":\"BreadcrumbList\",\"@id\":\"https:\/\/pimasters.com\/es\/politica-de-privacidad\/#breadcrumb\",\"itemListElement\":[{\"@type\":\"ListItem\",\"position\":1,\"name\":\"Home\",\"item\":\"https:\/\/pimasters.com\/es\/pagina-principal-2\/\"},{\"@type\":\"ListItem\",\"position\":2,\"name\":\"Pol\u00edtica de Privacidad\"}]},{\"@type\":\"WebSite\",\"@id\":\"https:\/\/pimasters.com\/es\/#website\",\"url\":\"https:\/\/pimasters.com\/es\/\",\"name\":\"PI Masters International\",\"description\":\"Your PI and LPI Experts\",\"publisher\":{\"@id\":\"https:\/\/pimasters.com\/es\/#organization\"},\"potentialAction\":[{\"@type\":\"SearchAction\",\"target\":{\"@type\":\"EntryPoint\",\"urlTemplate\":\"https:\/\/pimasters.com\/es\/?s={search_term_string}\"},\"query-input\":{\"@type\":\"PropertyValueSpecification\",\"valueRequired\":true,\"valueName\":\"search_term_string\"}}],\"inLanguage\":\"es\"},{\"@type\":\"Organization\",\"@id\":\"https:\/\/pimasters.com\/es\/#organization\",\"name\":\"PI Masters International\",\"url\":\"https:\/\/pimasters.com\/es\/\",\"logo\":{\"@type\":\"ImageObject\",\"inLanguage\":\"es\",\"@id\":\"https:\/\/pimasters.com\/es\/#\/schema\/logo\/image\/\",\"url\":\"https:\/\/pimasters.com\/wp-content\/uploads\/2021\/02\/Logo-340x156-1.jpg\",\"contentUrl\":\"https:\/\/pimasters.com\/wp-content\/uploads\/2021\/02\/Logo-340x156-1.jpg\",\"width\":340,\"height\":156,\"caption\":\"PI Masters International\"},\"image\":{\"@id\":\"https:\/\/pimasters.com\/es\/#\/schema\/logo\/image\/\"},\"sameAs\":[\"https:\/\/www.linkedin.com\/in\/bergrobert\/\"]}]}<\/script>\n<!-- \/ Yoast SEO Premium plugin. -->","yoast_head_json":{"title":"Pol\u00edtica de Privacidad - PI Masters International","robots":{"index":"index","follow":"follow","max-snippet":"max-snippet:-1","max-image-preview":"max-image-preview:large","max-video-preview":"max-video-preview:-1"},"canonical":"https:\/\/pimasters.com\/es\/politica-de-privacidad\/","og_locale":"es_ES","og_type":"article","og_title":"Pol\u00edtica de Privacidad","og_description":"Pol\u00edtica de Privacidad 5 de abril de 2021 \u00bfQui\u00e9nes somos? La direcci\u00f3n de nuestro sitio web es: https:\/\/pimasters.com. Nombre de nuestra empresa: PI","og_url":"https:\/\/pimasters.com\/es\/politica-de-privacidad\/","og_site_name":"PI Masters International","article_modified_time":"2021-07-17T23:33:34+00:00","twitter_card":"summary_large_image","twitter_misc":{"Tiempo de lectura":"7 minutos"},"schema":{"@context":"https:\/\/schema.org","@graph":[{"@type":"WebPage","@id":"https:\/\/pimasters.com\/es\/politica-de-privacidad\/","url":"https:\/\/pimasters.com\/es\/politica-de-privacidad\/","name":"Pol\u00edtica de Privacidad - PI Masters International","isPartOf":{"@id":"https:\/\/pimasters.com\/es\/#website"},"datePublished":"2021-07-17T23:33:16+00:00","dateModified":"2021-07-17T23:33:34+00:00","breadcrumb":{"@id":"https:\/\/pimasters.com\/es\/politica-de-privacidad\/#breadcrumb"},"inLanguage":"es","potentialAction":[{"@type":"ReadAction","target":["https:\/\/pimasters.com\/es\/politica-de-privacidad\/"]}]},{"@type":"BreadcrumbList","@id":"https:\/\/pimasters.com\/es\/politica-de-privacidad\/#breadcrumb","itemListElement":[{"@type":"ListItem","position":1,"name":"Home","item":"https:\/\/pimasters.com\/es\/pagina-principal-2\/"},{"@type":"ListItem","position":2,"name":"Pol\u00edtica de Privacidad"}]},{"@type":"WebSite","@id":"https:\/\/pimasters.com\/es\/#website","url":"https:\/\/pimasters.com\/es\/","name":"PI Masters International","description":"Your PI and LPI Experts","publisher":{"@id":"https:\/\/pimasters.com\/es\/#organization"},"potentialAction":[{"@type":"SearchAction","target":{"@type":"EntryPoint","urlTemplate":"https:\/\/pimasters.com\/es\/?s={search_term_string}"},"query-input":{"@type":"PropertyValueSpecification","valueRequired":true,"valueName":"search_term_string"}}],"inLanguage":"es"},{"@type":"Organization","@id":"https:\/\/pimasters.com\/es\/#organization","name":"PI Masters International","url":"https:\/\/pimasters.com\/es\/","logo":{"@type":"ImageObject","inLanguage":"es","@id":"https:\/\/pimasters.com\/es\/#\/schema\/logo\/image\/","url":"https:\/\/pimasters.com\/wp-content\/uploads\/2021\/02\/Logo-340x156-1.jpg","contentUrl":"https:\/\/pimasters.com\/wp-content\/uploads\/2021\/02\/Logo-340x156-1.jpg","width":340,"height":156,"caption":"PI Masters International"},"image":{"@id":"https:\/\/pimasters.com\/es\/#\/schema\/logo\/image\/"},"sameAs":["https:\/\/www.linkedin.com\/in\/bergrobert\/"]}]}},"_links":{"self":[{"href":"https:\/\/pimasters.com\/es\/wp-json\/wp\/v2\/pages\/4271","targetHints":{"allow":["GET"]}}],"collection":[{"href":"https:\/\/pimasters.com\/es\/wp-json\/wp\/v2\/pages"}],"about":[{"href":"https:\/\/pimasters.com\/es\/wp-json\/wp\/v2\/types\/page"}],"author":[{"embeddable":true,"href":"https:\/\/pimasters.com\/es\/wp-json\/wp\/v2\/users\/3"}],"replies":[{"embeddable":true,"href":"https:\/\/pimasters.com\/es\/wp-json\/wp\/v2\/comments?post=4271"}],"version-history":[{"count":3,"href":"https:\/\/pimasters.com\/es\/wp-json\/wp\/v2\/pages\/4271\/revisions"}],"predecessor-version":[{"id":4274,"href":"https:\/\/pimasters.com\/es\/wp-json\/wp\/v2\/pages\/4271\/revisions\/4274"}],"wp:attachment":[{"href":"https:\/\/pimasters.com\/es\/wp-json\/wp\/v2\/media?parent=4271"}],"curies":[{"name":"wp","href":"https:\/\/api.w.org\/{rel}","templated":true}]}}