{"id":4355,"date":"2022-03-14T19:23:55","date_gmt":"2022-03-14T19:23:55","guid":{"rendered":"https:\/\/pimasters.com\/ceo-benchmarking-report-2021-ayudar-a-los-ejecutivos-a-crear-equipos-de-ensueno\/"},"modified":"2022-03-14T19:23:56","modified_gmt":"2022-03-14T19:23:56","slug":"ceo-benchmarking-report-2021-ayudar-a-los-ejecutivos-a-crear-equipos-de-ensueno","status":"publish","type":"page","link":"https:\/\/pimasters.com\/es\/ceo-benchmarking-report-2021-ayudar-a-los-ejecutivos-a-crear-equipos-de-ensueno\/","title":{"rendered":"CEO Benchmarking Report 2021: ayudar a los ejecutivos a crear equipos de ensue\u00f1o"},"content":{"rendered":"\n<style type=\"text\/css\" data-created_by=\"avia_inline_auto\" id=\"style-css-av-3hx1nt-ef6bc8d4d7b44ab376a8575558599cee\">\n.flex_column.av-3hx1nt-ef6bc8d4d7b44ab376a8575558599cee{\nborder-radius:0px 0px 0px 0px;\npadding:0px 0px 0px 0px;\n}\n<\/style>\n<div  class='flex_column av-3hx1nt-ef6bc8d4d7b44ab376a8575558599cee av_two_third  avia-builder-el-0  el_before_av_one_third  avia-builder-el-first  first flex_column_div av-zero-column-padding  '     ><section  class='av_textblock_section av-kmutj8xg-a4de032388c4dd85c2d935ba5b75b19d '   itemscope=\"itemscope\" itemtype=\"https:\/\/schema.org\/CreativeWork\" ><div class='avia_textblock'  itemprop=\"text\" ><h1>160 directores ejecutivos revelan sus principales preocupaciones y prioridades en un mundo de eliminaci\u00f3n posterior a Covid.<\/h1>\n<p>Descubra qu\u00e9 ha provocado que los equipos ejecutivos tengan dificultades en 2020 y qu\u00e9 est\u00e1n haciendo para crear equipos de alto rendimiento (dream teams) que se lleven bien y logren los resultados esperados.<\/p>\n<p>Rellene el siguiente formulario y recibir\u00e1 un enlace para descargar el informe.<\/p>\n<script type=\"text\/javascript\">\n\/* <![CDATA[ *\/\nvar gform;gform||(document.addEventListener(\"gform_main_scripts_loaded\",function(){gform.scriptsLoaded=!0}),document.addEventListener(\"gform\/theme\/scripts_loaded\",function(){gform.themeScriptsLoaded=!0}),window.addEventListener(\"DOMContentLoaded\",function(){gform.domLoaded=!0}),gform={domLoaded:!1,scriptsLoaded:!1,themeScriptsLoaded:!1,isFormEditor:()=>\"function\"==typeof InitializeEditor,callIfLoaded:function(o){return!(!gform.domLoaded||!gform.scriptsLoaded||!gform.themeScriptsLoaded&&!gform.isFormEditor()||(gform.isFormEditor()&&console.warn(\"The use of gform.initializeOnLoaded() is deprecated in the form editor context and will be removed in Gravity Forms 3.1.\"),o(),0))},initializeOnLoaded:function(o){gform.callIfLoaded(o)||(document.addEventListener(\"gform_main_scripts_loaded\",()=>{gform.scriptsLoaded=!0,gform.callIfLoaded(o)}),document.addEventListener(\"gform\/theme\/scripts_loaded\",()=>{gform.themeScriptsLoaded=!0,gform.callIfLoaded(o)}),window.addEventListener(\"DOMContentLoaded\",()=>{gform.domLoaded=!0,gform.callIfLoaded(o)}))},hooks:{action:{},filter:{}},addAction:function(o,r,e,t){gform.addHook(\"action\",o,r,e,t)},addFilter:function(o,r,e,t){gform.addHook(\"filter\",o,r,e,t)},doAction:function(o){gform.doHook(\"action\",o,arguments)},applyFilters:function(o){return gform.doHook(\"filter\",o,arguments)},removeAction:function(o,r){gform.removeHook(\"action\",o,r)},removeFilter:function(o,r,e){gform.removeHook(\"filter\",o,r,e)},addHook:function(o,r,e,t,n){null==gform.hooks[o][r]&&(gform.hooks[o][r]=[]);var d=gform.hooks[o][r];null==n&&(n=r+\"_\"+d.length),gform.hooks[o][r].push({tag:n,callable:e,priority:t=null==t?10:t})},doHook:function(r,o,e){var t;if(e=Array.prototype.slice.call(e,1),null!=gform.hooks[r][o]&&((o=gform.hooks[r][o]).sort(function(o,r){return o.priority-r.priority}),o.forEach(function(o){\"function\"!=typeof(t=o.callable)&&(t=window[t]),\"action\"==r?t.apply(null,e):e[0]=t.apply(null,e)})),\"filter\"==r)return e[0]},removeHook:function(o,r,t,n){var e;null!=gform.hooks[o][r]&&(e=(e=gform.hooks[o][r]).filter(function(o,r,e){return!!(null!=n&&n!=o.tag||null!=t&&t!=o.priority)}),gform.hooks[o][r]=e)}});\n\/* ]]> *\/\n<\/script>\n\n                <div class='gf_browser_chrome gform_wrapper gform_legacy_markup_wrapper gform-theme--no-framework' data-form-theme='legacy' data-form-index='0' id='gform_wrapper_3' >\n                        <div class='gform_heading'>\n                            <h3 class=\"gform_title\">CEO Benchmarking Report<\/h3>\n                            <p class='gform_description'><\/p>\n                        <\/div><form method='post' enctype='multipart\/form-data'  id='gform_3'  action='\/es\/wp-json\/wp\/v2\/pages\/4355' data-formid='3' novalidate>\n                        <div class='gform-body gform_body'><ul id='gform_fields_3' class='gform_fields top_label form_sublabel_below description_below validation_below'><li id=\"field_3_1\" class=\"gfield gfield--type-name field_sublabel_below gfield--no-description field_description_below field_validation_below gfield_visibility_visible\"  ><label class='gfield_label gform-field-label gfield_label_before_complex' >Nombre<\/label><div class='ginput_complex ginput_container ginput_container--name no_prefix has_first_name no_middle_name has_last_name no_suffix gf_name_has_2 ginput_container_name gform-grid-row' id='input_3_1'>\n                            \n                            <span id='input_3_1_3_container' class='name_first gform-grid-col gform-grid-col--size-auto' >\n                                                    <input type='text' name='input_1.3' id='input_3_1_3' value=''   aria-required='false'     \/>\n                                                    <label for='input_3_1_3' class='gform-field-label gform-field-label--type-sub '>Nombre<\/label>\n                                                <\/span>\n                            \n                            <span id='input_3_1_6_container' class='name_last gform-grid-col gform-grid-col--size-auto' >\n                                                    <input type='text' name='input_1.6' id='input_3_1_6' value=''   aria-required='false'     \/>\n                                                    <label for='input_3_1_6' class='gform-field-label gform-field-label--type-sub '>Apellidos<\/label>\n                                                <\/span>\n                            \n                        <\/div><\/li><li id=\"field_3_2\" class=\"gfield gfield--type-email gfield_contains_required field_sublabel_below gfield--no-description field_description_below field_validation_below gfield_visibility_visible\"  ><label class='gfield_label gform-field-label' for='input_3_2'>Correo electr\u00f3nico comercial <span class=\"gfield_required\"><span class=\"gfield_required gfield_required_asterisk\">*<\/span><\/span><\/label><div class='ginput_container ginput_container_email'>\n                            <input name='input_2' id='input_3_2' type='email' value='' class='medium'    aria-required=\"true\" aria-invalid=\"false\"  \/>\n                        <\/div><\/li><li id=\"field_3_8\" class=\"gfield gfield--type-radio gfield--type-choice gfield_contains_required field_sublabel_below gfield--no-description field_description_below field_validation_below gfield_visibility_visible\"  ><label class='gfield_label gform-field-label' > \u00bfLe gustar\u00eda recibir actualizaciones de PI Masters International \n<span class=\"gfield_required\"><span class=\"gfield_required gfield_required_asterisk\">*<\/span><\/span><\/label><div class='ginput_container ginput_container_radio'><ul class='gfield_radio' id='input_3_8'>\n\t\t\t<li class='gchoice gchoice_3_8_0'>\n\t\t\t\t<input name='input_8' type='radio' value='s\u00ed'  id='choice_3_8_0'    \/>\n\t\t\t\t<label for='choice_3_8_0' id='label_3_8_0' class='gform-field-label gform-field-label--type-inline'>s\u00ed<\/label>\n\t\t\t<\/li>\n\t\t\t<li class='gchoice gchoice_3_8_1'>\n\t\t\t\t<input name='input_8' type='radio' value='No'  id='choice_3_8_1'    \/>\n\t\t\t\t<label for='choice_3_8_1' id='label_3_8_1' class='gform-field-label gform-field-label--type-inline'>No<\/label>\n\t\t\t<\/li><\/ul><\/div><\/li><li id=\"field_3_6\" class=\"gfield gfield--type-captcha field_sublabel_below gfield--no-description field_description_below field_validation_below gfield_visibility_visible\"  ><label class='gfield_label gform-field-label' for='input_3_6'>CAPTCHA<\/label><div id='input_3_6' class='ginput_container ginput_recaptcha' data-sitekey='6Lc-gI4aAAAAAKnE9wB0_Y7SBnAfHgMgUAFcqGD-'  data-theme='light' data-tabindex='0'  data-badge=''><\/div><\/li><\/ul><\/div>\n        <div class='gform-footer gform_footer top_label'> <input type='submit' id='gform_submit_button_3' class='gform_button button' onclick='gform.submission.handleButtonClick(this);' data-submission-type='submit' value='Enviar'  \/> \n            <input type='hidden' class='gform_hidden' name='gform_submission_method' data-js='gform_submission_method_3' value='postback' \/>\n            <input type='hidden' class='gform_hidden' name='gform_theme' data-js='gform_theme_3' id='gform_theme_3' value='legacy' \/>\n            <input type='hidden' class='gform_hidden' name='gform_style_settings' data-js='gform_style_settings_3' id='gform_style_settings_3' value='[]' \/>\n            <input type='hidden' class='gform_hidden' name='is_submit_3' value='1' \/>\n            <input type='hidden' class='gform_hidden' name='gform_submit' value='3' \/>\n            \n            <input type='hidden' class='gform_hidden' name='gform_currency' data-currency='USD' value='MmSue82OF\/AuLwD9\/JqwcsiLWgrTcF2b\/X1D6VNcLjJYFg40Vx0gJ1f+ARqYuCrhV25Ipk44+cyXVvUXMGdQhHx275MsJBRZON\/JW6yTACD9vck=' \/>\n            <input type='hidden' class='gform_hidden' name='gform_unique_id' value='' \/>\n            <input type='hidden' class='gform_hidden' name='state_3' value='WyJbXSIsImRjZGIxNDQ4ZjllYWVlYjMxNTJhMWVhMzQ0MDQxMmQ0Il0=' \/>\n            <input type='hidden' autocomplete='off' class='gform_hidden' name='gform_target_page_number_3' id='gform_target_page_number_3' value='0' \/>\n            <input type='hidden' autocomplete='off' class='gform_hidden' name='gform_source_page_number_3' id='gform_source_page_number_3' value='1' \/>\n            <input type='hidden' name='gform_field_values' value='' \/>\n            \n        <\/div>\n                        <\/form>\n                        <\/div><script type=\"text\/javascript\">\n\/* <![CDATA[ *\/\n gform.initializeOnLoaded( function() {gformInitSpinner( 3, 'https:\/\/pimasters.com\/wp-content\/plugins\/gravityforms\/images\/spinner.svg', true );jQuery('#gform_ajax_frame_3').on('load',function(){var contents = jQuery(this).contents().find('*').html();var is_postback = contents.indexOf('GF_AJAX_POSTBACK') >= 0;if(!is_postback){return;}var form_content = jQuery(this).contents().find('#gform_wrapper_3');var is_confirmation = jQuery(this).contents().find('#gform_confirmation_wrapper_3').length > 0;var is_redirect = contents.indexOf('gformRedirect(){') >= 0;var is_form = form_content.length > 0 && ! is_redirect && ! is_confirmation;var mt = parseInt(jQuery('html').css('margin-top'), 10) + parseInt(jQuery('body').css('margin-top'), 10) + 100;if(is_form){jQuery('#gform_wrapper_3').html(form_content.html());if(form_content.hasClass('gform_validation_error')){jQuery('#gform_wrapper_3').addClass('gform_validation_error');} else {jQuery('#gform_wrapper_3').removeClass('gform_validation_error');}setTimeout( function() { \/* delay the scroll by 50 milliseconds to fix a bug in chrome *\/  }, 50 );if(window['gformInitDatepicker']) {gformInitDatepicker();}if(window['gformInitPriceFields']) {gformInitPriceFields();}var current_page = jQuery('#gform_source_page_number_3').val();gformInitSpinner( 3, 'https:\/\/pimasters.com\/wp-content\/plugins\/gravityforms\/images\/spinner.svg', true );jQuery(document).trigger('gform_page_loaded', [3, current_page]);window['gf_submitting_3'] = false;}else if(!is_redirect){var confirmation_content = jQuery(this).contents().find('.GF_AJAX_POSTBACK').html();if(!confirmation_content){confirmation_content = contents;}jQuery('#gform_wrapper_3').replaceWith(confirmation_content);jQuery(document).trigger('gform_confirmation_loaded', [3]);window['gf_submitting_3'] = false;wp.a11y.speak(jQuery('#gform_confirmation_message_3').text());}else{jQuery('#gform_3').append(contents);if(window['gformRedirect']) {gformRedirect();}}jQuery(document).trigger(\"gform_pre_post_render\", [{ formId: \"3\", currentPage: \"current_page\", abort: function() { this.preventDefault(); } }]);        if (event && event.defaultPrevented) {                return;        }        const gformWrapperDiv = document.getElementById( \"gform_wrapper_3\" );        if ( gformWrapperDiv ) {            const visibilitySpan = document.createElement( \"span\" );            visibilitySpan.id = \"gform_visibility_test_3\";            gformWrapperDiv.insertAdjacentElement( \"afterend\", visibilitySpan );        }        const visibilityTestDiv = document.getElementById( \"gform_visibility_test_3\" );        let postRenderFired = false;        function triggerPostRender() {            if ( postRenderFired ) {                return;            }            postRenderFired = true;            gform.core.triggerPostRenderEvents( 3, current_page );            if ( visibilityTestDiv ) {                visibilityTestDiv.parentNode.removeChild( visibilityTestDiv );            }        }        function debounce( func, wait, immediate ) {            var timeout;            return function() {                var context = this, args = arguments;                var later = function() {                    timeout = null;                    if ( !immediate ) func.apply( context, args );                };                var callNow = immediate && !timeout;                clearTimeout( timeout );                timeout = setTimeout( later, wait );                if ( callNow ) func.apply( context, args );            };        }        const debouncedTriggerPostRender = debounce( function() {            triggerPostRender();        }, 200 );        if ( visibilityTestDiv && visibilityTestDiv.offsetParent === null ) {            const observer = new MutationObserver( ( mutations ) => {                mutations.forEach( ( mutation ) => {                    if ( mutation.type === 'attributes' && visibilityTestDiv.offsetParent !== null ) {                        debouncedTriggerPostRender();                        observer.disconnect();                    }                });            });            observer.observe( document.body, {                attributes: true,                childList: false,                subtree: true,                attributeFilter: [ 'style', 'class' ],            });        } else {            triggerPostRender();        }    } );} ); \n\/* ]]> *\/\n<\/script>\n\n<\/div><\/section><\/div>\n<style type=\"text\/css\" data-created_by=\"avia_inline_auto\" id=\"style-css-av-25457d-df3438598ae7bb5a651e9f6f2c2e4dd4\">\n.flex_column.av-25457d-df3438598ae7bb5a651e9f6f2c2e4dd4{\nborder-radius:0px 0px 0px 0px;\npadding:0px 0px 0px 0px;\n}\n<\/style>\n<div  class='flex_column av-25457d-df3438598ae7bb5a651e9f6f2c2e4dd4 av_one_third  avia-builder-el-2  el_after_av_two_third  avia-builder-el-last  flex_column_div av-zero-column-padding  '     ><style type=\"text\/css\" data-created_by=\"avia_inline_auto\" id=\"style-css-av-kmuxhh57-547dbc8759359093393c61d632a845a3\">\n.avia-image-container.av-kmuxhh57-547dbc8759359093393c61d632a845a3 img.avia_image{\nbox-shadow:none;\n}\n.avia-image-container.av-kmuxhh57-547dbc8759359093393c61d632a845a3 .av-image-caption-overlay-center{\ncolor:#ffffff;\n}\n<\/style>\n<div  class='avia-image-container av-kmuxhh57-547dbc8759359093393c61d632a845a3 av-styling- avia-align-center  avia-builder-el-3  avia-builder-el-no-sibling '   itemprop=\"image\" itemscope=\"itemscope\" itemtype=\"https:\/\/schema.org\/ImageObject\" ><div class=\"avia-image-container-inner\"><div class=\"avia-image-overlay-wrap\"><img decoding=\"async\" fetchpriority=\"high\" class='wp-image-4159 avia-img-lazy-loading-not-4159 avia_image ' src=\"https:\/\/pimasters.com\/wp-content\/uploads\/2021\/03\/CEO_Benchmarking_Report_2021-1.png\" alt='CEO_Benchmarking_Report_2021' title='CEO Benchmarking Report 2021'  height=\"300\" width=\"232\"  itemprop=\"thumbnailUrl\"  \/><\/div><\/div><\/div><\/div><\/p>\n","protected":false},"excerpt":{"rendered":"","protected":false},"author":3,"featured_media":0,"parent":0,"menu_order":0,"comment_status":"closed","ping_status":"closed","template":"","meta":{"_coblocks_attr":"","_coblocks_dimensions":"","_coblocks_responsive_height":"","_coblocks_accordion_ie_support":"","footnotes":""},"class_list":["post-4355","page","type-page","status-publish","hentry"],"yoast_head":"<!-- This site is optimized with the Yoast SEO Premium plugin v27.0 (Yoast SEO v27.0) - https:\/\/yoast.com\/product\/yoast-seo-premium-wordpress\/ -->\n<title>Los equipos ejecutivos luchan en 2020: c\u00f3mo construir equipos de ensue\u00f1o<\/title>\n<meta name=\"description\" content=\"Descubra qu\u00e9 ha provocado que los equipos ejecutivos tengan dificultades en 2020 y qu\u00e9 est\u00e1n haciendo para crear equipos de alto rendimiento (dream teams) que se lleven bien y logren los resultados esperados.\" \/>\n<meta name=\"robots\" content=\"index, follow, max-snippet:-1, max-image-preview:large, max-video-preview:-1\" \/>\n<link rel=\"canonical\" href=\"https:\/\/pimasters.com\/es\/ceo-benchmarking-report-2021-ayudar-a-los-ejecutivos-a-crear-equipos-de-ensueno\/\" \/>\n<meta property=\"og:locale\" content=\"es_ES\" \/>\n<meta property=\"og:type\" content=\"article\" \/>\n<meta property=\"og:title\" content=\"CEO Benchmarking Report 2021: ayudar a los ejecutivos a crear equipos de ensue\u00f1o\" \/>\n<meta property=\"og:url\" content=\"https:\/\/pimasters.com\/es\/ceo-benchmarking-report-2021-ayudar-a-los-ejecutivos-a-crear-equipos-de-ensueno\/\" \/>\n<meta property=\"og:site_name\" content=\"PI Masters International\" \/>\n<meta property=\"article:modified_time\" content=\"2022-03-14T19:23:56+00:00\" \/>\n<meta name=\"twitter:card\" content=\"summary_large_image\" \/>\n<meta name=\"twitter:label1\" content=\"Tiempo de lectura\" \/>\n\t<meta name=\"twitter:data1\" content=\"2 minutos\" \/>\n<script type=\"application\/ld+json\" class=\"yoast-schema-graph\">{\"@context\":\"https:\/\/schema.org\",\"@graph\":[{\"@type\":\"WebPage\",\"@id\":\"https:\/\/pimasters.com\/es\/ceo-benchmarking-report-2021-ayudar-a-los-ejecutivos-a-crear-equipos-de-ensueno\/\",\"url\":\"https:\/\/pimasters.com\/es\/ceo-benchmarking-report-2021-ayudar-a-los-ejecutivos-a-crear-equipos-de-ensueno\/\",\"name\":\"Los equipos ejecutivos luchan en 2020: c\u00f3mo construir equipos de ensue\u00f1o\",\"isPartOf\":{\"@id\":\"https:\/\/pimasters.com\/es\/#website\"},\"datePublished\":\"2022-03-14T19:23:55+00:00\",\"dateModified\":\"2022-03-14T19:23:56+00:00\",\"description\":\"Descubra qu\u00e9 ha provocado que los equipos ejecutivos tengan dificultades en 2020 y qu\u00e9 est\u00e1n haciendo para crear equipos de alto rendimiento (dream teams) que se lleven bien y logren los resultados esperados.\",\"breadcrumb\":{\"@id\":\"https:\/\/pimasters.com\/es\/ceo-benchmarking-report-2021-ayudar-a-los-ejecutivos-a-crear-equipos-de-ensueno\/#breadcrumb\"},\"inLanguage\":\"es\",\"potentialAction\":[{\"@type\":\"ReadAction\",\"target\":[\"https:\/\/pimasters.com\/es\/ceo-benchmarking-report-2021-ayudar-a-los-ejecutivos-a-crear-equipos-de-ensueno\/\"]}]},{\"@type\":\"BreadcrumbList\",\"@id\":\"https:\/\/pimasters.com\/es\/ceo-benchmarking-report-2021-ayudar-a-los-ejecutivos-a-crear-equipos-de-ensueno\/#breadcrumb\",\"itemListElement\":[{\"@type\":\"ListItem\",\"position\":1,\"name\":\"Home\",\"item\":\"https:\/\/pimasters.com\/es\/pagina-principal-2\/\"},{\"@type\":\"ListItem\",\"position\":2,\"name\":\"CEO Benchmarking Report 2021: ayudar a los ejecutivos a crear equipos de ensue\u00f1o\"}]},{\"@type\":\"WebSite\",\"@id\":\"https:\/\/pimasters.com\/es\/#website\",\"url\":\"https:\/\/pimasters.com\/es\/\",\"name\":\"PI Masters International\",\"description\":\"Your PI and LPI Experts\",\"publisher\":{\"@id\":\"https:\/\/pimasters.com\/es\/#organization\"},\"potentialAction\":[{\"@type\":\"SearchAction\",\"target\":{\"@type\":\"EntryPoint\",\"urlTemplate\":\"https:\/\/pimasters.com\/es\/?s={search_term_string}\"},\"query-input\":{\"@type\":\"PropertyValueSpecification\",\"valueRequired\":true,\"valueName\":\"search_term_string\"}}],\"inLanguage\":\"es\"},{\"@type\":\"Organization\",\"@id\":\"https:\/\/pimasters.com\/es\/#organization\",\"name\":\"PI Masters International\",\"url\":\"https:\/\/pimasters.com\/es\/\",\"logo\":{\"@type\":\"ImageObject\",\"inLanguage\":\"es\",\"@id\":\"https:\/\/pimasters.com\/es\/#\/schema\/logo\/image\/\",\"url\":\"https:\/\/pimasters.com\/wp-content\/uploads\/2021\/02\/Logo-340x156-1.jpg\",\"contentUrl\":\"https:\/\/pimasters.com\/wp-content\/uploads\/2021\/02\/Logo-340x156-1.jpg\",\"width\":340,\"height\":156,\"caption\":\"PI Masters International\"},\"image\":{\"@id\":\"https:\/\/pimasters.com\/es\/#\/schema\/logo\/image\/\"},\"sameAs\":[\"https:\/\/www.linkedin.com\/in\/bergrobert\/\"]}]}<\/script>\n<!-- \/ Yoast SEO Premium plugin. -->","yoast_head_json":{"title":"Los equipos ejecutivos luchan en 2020: c\u00f3mo construir equipos de ensue\u00f1o","description":"Descubra qu\u00e9 ha provocado que los equipos ejecutivos tengan dificultades en 2020 y qu\u00e9 est\u00e1n haciendo para crear equipos de alto rendimiento (dream teams) que se lleven bien y logren los resultados esperados.","robots":{"index":"index","follow":"follow","max-snippet":"max-snippet:-1","max-image-preview":"max-image-preview:large","max-video-preview":"max-video-preview:-1"},"canonical":"https:\/\/pimasters.com\/es\/ceo-benchmarking-report-2021-ayudar-a-los-ejecutivos-a-crear-equipos-de-ensueno\/","og_locale":"es_ES","og_type":"article","og_title":"CEO Benchmarking Report 2021: ayudar a los ejecutivos a crear equipos de ensue\u00f1o","og_url":"https:\/\/pimasters.com\/es\/ceo-benchmarking-report-2021-ayudar-a-los-ejecutivos-a-crear-equipos-de-ensueno\/","og_site_name":"PI Masters International","article_modified_time":"2022-03-14T19:23:56+00:00","twitter_card":"summary_large_image","twitter_misc":{"Tiempo de lectura":"2 minutos"},"schema":{"@context":"https:\/\/schema.org","@graph":[{"@type":"WebPage","@id":"https:\/\/pimasters.com\/es\/ceo-benchmarking-report-2021-ayudar-a-los-ejecutivos-a-crear-equipos-de-ensueno\/","url":"https:\/\/pimasters.com\/es\/ceo-benchmarking-report-2021-ayudar-a-los-ejecutivos-a-crear-equipos-de-ensueno\/","name":"Los equipos ejecutivos luchan en 2020: c\u00f3mo construir equipos de ensue\u00f1o","isPartOf":{"@id":"https:\/\/pimasters.com\/es\/#website"},"datePublished":"2022-03-14T19:23:55+00:00","dateModified":"2022-03-14T19:23:56+00:00","description":"Descubra qu\u00e9 ha provocado que los equipos ejecutivos tengan dificultades en 2020 y qu\u00e9 est\u00e1n haciendo para crear equipos de alto rendimiento (dream teams) que se lleven bien y logren los resultados esperados.","breadcrumb":{"@id":"https:\/\/pimasters.com\/es\/ceo-benchmarking-report-2021-ayudar-a-los-ejecutivos-a-crear-equipos-de-ensueno\/#breadcrumb"},"inLanguage":"es","potentialAction":[{"@type":"ReadAction","target":["https:\/\/pimasters.com\/es\/ceo-benchmarking-report-2021-ayudar-a-los-ejecutivos-a-crear-equipos-de-ensueno\/"]}]},{"@type":"BreadcrumbList","@id":"https:\/\/pimasters.com\/es\/ceo-benchmarking-report-2021-ayudar-a-los-ejecutivos-a-crear-equipos-de-ensueno\/#breadcrumb","itemListElement":[{"@type":"ListItem","position":1,"name":"Home","item":"https:\/\/pimasters.com\/es\/pagina-principal-2\/"},{"@type":"ListItem","position":2,"name":"CEO Benchmarking Report 2021: ayudar a los ejecutivos a crear equipos de ensue\u00f1o"}]},{"@type":"WebSite","@id":"https:\/\/pimasters.com\/es\/#website","url":"https:\/\/pimasters.com\/es\/","name":"PI Masters International","description":"Your PI and LPI Experts","publisher":{"@id":"https:\/\/pimasters.com\/es\/#organization"},"potentialAction":[{"@type":"SearchAction","target":{"@type":"EntryPoint","urlTemplate":"https:\/\/pimasters.com\/es\/?s={search_term_string}"},"query-input":{"@type":"PropertyValueSpecification","valueRequired":true,"valueName":"search_term_string"}}],"inLanguage":"es"},{"@type":"Organization","@id":"https:\/\/pimasters.com\/es\/#organization","name":"PI Masters International","url":"https:\/\/pimasters.com\/es\/","logo":{"@type":"ImageObject","inLanguage":"es","@id":"https:\/\/pimasters.com\/es\/#\/schema\/logo\/image\/","url":"https:\/\/pimasters.com\/wp-content\/uploads\/2021\/02\/Logo-340x156-1.jpg","contentUrl":"https:\/\/pimasters.com\/wp-content\/uploads\/2021\/02\/Logo-340x156-1.jpg","width":340,"height":156,"caption":"PI Masters International"},"image":{"@id":"https:\/\/pimasters.com\/es\/#\/schema\/logo\/image\/"},"sameAs":["https:\/\/www.linkedin.com\/in\/bergrobert\/"]}]}},"_links":{"self":[{"href":"https:\/\/pimasters.com\/es\/wp-json\/wp\/v2\/pages\/4355","targetHints":{"allow":["GET"]}}],"collection":[{"href":"https:\/\/pimasters.com\/es\/wp-json\/wp\/v2\/pages"}],"about":[{"href":"https:\/\/pimasters.com\/es\/wp-json\/wp\/v2\/types\/page"}],"author":[{"embeddable":true,"href":"https:\/\/pimasters.com\/es\/wp-json\/wp\/v2\/users\/3"}],"replies":[{"embeddable":true,"href":"https:\/\/pimasters.com\/es\/wp-json\/wp\/v2\/comments?post=4355"}],"version-history":[{"count":3,"href":"https:\/\/pimasters.com\/es\/wp-json\/wp\/v2\/pages\/4355\/revisions"}],"predecessor-version":[{"id":4360,"href":"https:\/\/pimasters.com\/es\/wp-json\/wp\/v2\/pages\/4355\/revisions\/4360"}],"wp:attachment":[{"href":"https:\/\/pimasters.com\/es\/wp-json\/wp\/v2\/media?parent=4355"}],"curies":[{"name":"wp","href":"https:\/\/api.w.org\/{rel}","templated":true}]}}