{"id":4434,"date":"2022-03-16T13:49:47","date_gmt":"2022-03-16T13:49:47","guid":{"rendered":"https:\/\/pimasters.com\/servicios-de-consultoria\/"},"modified":"2022-03-16T18:56:40","modified_gmt":"2022-03-16T18:56:40","slug":"servicios-de-consultoria","status":"publish","type":"page","link":"https:\/\/pimasters.com\/es\/servicios-de-consultoria\/","title":{"rendered":"Servicios de Consultor\u00eda"},"content":{"rendered":"\n<style type=\"text\/css\" data-created_by=\"avia_inline_auto\" id=\"style-css-av-3tqxan-c5ebf571ca017b2bb9e87d8420a670ff\">\n.flex_column.av-3tqxan-c5ebf571ca017b2bb9e87d8420a670ff{\nborder-radius:0px 0px 0px 0px;\npadding:0px 0px 0px 0px;\n}\n<\/style>\n<div  class='flex_column av-3tqxan-c5ebf571ca017b2bb9e87d8420a670ff av_one_full  avia-builder-el-0  el_before_av_three_fourth  avia-builder-el-first  first flex_column_div av-zero-column-padding  '     ><section  class='av_textblock_section av-kmch67o0-f38cb71c99420b607abda17c4be02a02 '   itemscope=\"itemscope\" itemtype=\"https:\/\/schema.org\/CreativeWork\" ><div class='avia_textblock'  itemprop=\"text\" ><h1>Servicios de Consultor\u00eda PI Masters<\/h1>\n<\/div><\/section><\/div>\n\n<style type=\"text\/css\" data-created_by=\"avia_inline_auto\" id=\"style-css-av-2psb67-67d53697c4a5e535431b240ea41e6fab\">\n.flex_column.av-2psb67-67d53697c4a5e535431b240ea41e6fab{\nborder-radius:0px 0px 0px 0px;\npadding:0px 0px 0px 0px;\n}\n<\/style>\n<div  class='flex_column av-2psb67-67d53697c4a5e535431b240ea41e6fab av_three_fourth  avia-builder-el-2  el_after_av_one_full  el_before_av_one_fourth  first flex_column_div av-zero-column-padding  column-top-margin'     ><style type=\"text\/css\" data-created_by=\"avia_inline_auto\" id=\"style-css-av-kmqfzqea-d23f6a1c6e2db96d8ef96b07cca8209f\">\n.avia-image-container.av-kmqfzqea-d23f6a1c6e2db96d8ef96b07cca8209f img.avia_image{\nbox-shadow:none;\n}\n.avia-image-container.av-kmqfzqea-d23f6a1c6e2db96d8ef96b07cca8209f .av-image-caption-overlay-center{\ncolor:#ffffff;\n}\n<\/style>\n<div  class='avia-image-container av-kmqfzqea-d23f6a1c6e2db96d8ef96b07cca8209f av-styling- avia-align-center  avia-builder-el-3  avia-builder-el-no-sibling '   itemprop=\"image\" itemscope=\"itemscope\" itemtype=\"https:\/\/schema.org\/ImageObject\" ><div class=\"avia-image-container-inner\"><div class=\"avia-image-overlay-wrap\"><img decoding=\"async\" fetchpriority=\"high\" class='wp-image-4183 avia-img-lazy-loading-not-4183 avia_image ' src=\"https:\/\/pimasters.com\/wp-content\/uploads\/2021\/03\/boardroom.jpg\" alt='PI Masters Consulting' title='PI Masters Consulting'  height=\"800\" width=\"1200\"  itemprop=\"thumbnailUrl\" srcset=\"https:\/\/pimasters.com\/wp-content\/uploads\/2021\/03\/boardroom.jpg 1200w, https:\/\/pimasters.com\/wp-content\/uploads\/2021\/03\/boardroom-300x200.jpg 300w, https:\/\/pimasters.com\/wp-content\/uploads\/2021\/03\/boardroom-1030x687.jpg 1030w, https:\/\/pimasters.com\/wp-content\/uploads\/2021\/03\/boardroom-768x512.jpg 768w, https:\/\/pimasters.com\/wp-content\/uploads\/2021\/03\/boardroom-705x470.jpg 705w\" sizes=\"(max-width: 1200px) 100vw, 1200px\" \/><\/div><\/div><\/div><\/div>\n<style type=\"text\/css\" data-created_by=\"avia_inline_auto\" id=\"style-css-av-26z0gf-148dc8c2b4b2dbdd334e8da6f7709043\">\n.flex_column.av-26z0gf-148dc8c2b4b2dbdd334e8da6f7709043{\nborder-radius:0px 0px 0px 0px;\npadding:0px 0px 0px 0px;\n}\n<\/style>\n<div  class='flex_column av-26z0gf-148dc8c2b4b2dbdd334e8da6f7709043 av_one_fourth  avia-builder-el-4  el_after_av_three_fourth  el_before_av_one_full  flex_column_div av-zero-column-padding  column-top-margin'     ><section  class='av_textblock_section av-kmb0zcwo-dc8ada96767787e36ec5561cc1db2093 '   itemscope=\"itemscope\" itemtype=\"https:\/\/schema.org\/CreativeWork\" ><div class='avia_textblock'  itemprop=\"text\" ><h2>\u00bfListo para vender al siguiente nivel?<\/h2>\n<p>Vender es un juego de rendimiento, no un juego de n\u00fameros: las ventas se generan a trav\u00e9s de las habilidades y la t\u00e9cnica adecuada. Mejore las habilidades de su fuerza de ventas y mejorar\u00e1 sus resultados.<\/p>\n<p>\u00bfC\u00f3mo va a llegar ah\u00ed?<br \/>\nPI Masters ofrece una combinaci\u00f3n \u00fanica de soluciones de consultor\u00eda que le permiten tomar el control del desempe\u00f1o de las ventas a nivel individual, de equipo y del liderazgo para lograr resultados medibles, inmediatos y duraderos.<\/p>\n<\/div><\/section><\/div><\/p>\n\n<style type=\"text\/css\" data-created_by=\"avia_inline_auto\" id=\"style-css-av-27uqfj-817022286509626fae2b6d36f4ce71a8\">\n.flex_column.av-27uqfj-817022286509626fae2b6d36f4ce71a8{\nborder-radius:0px 0px 0px 0px;\npadding:0px 0px 0px 0px;\n}\n<\/style>\n<div  class='flex_column av-27uqfj-817022286509626fae2b6d36f4ce71a8 av_one_full  avia-builder-el-6  el_after_av_one_fourth  el_before_av_hr  first flex_column_div av-zero-column-padding  column-top-margin'     ><section  class='av_textblock_section av-kmccma4p-228218fa63b239f7ef14338411d13fae '   itemscope=\"itemscope\" itemtype=\"https:\/\/schema.org\/CreativeWork\" ><div class='avia_textblock'  itemprop=\"text\" ><h2>Selling Skills Assessment Tool \u2122 (SSAT)<\/h2>\n<p>La Selling Skills Assessment Tool (SSAT\u2122), una herramienta de evaluaci\u00f3n de habilidades de ventas, proporciona datos objetivos que necesita para evaluar a los vendedores de su organizaci\u00f3n. SSAT proporciona una cuantificaci\u00f3n detallada y precisa de las capacidades de venta de su organizaci\u00f3n, incluidas las fortalezas y \u00e1reas espec\u00edficas que necesitan mejoras, brind\u00e1ndole informaci\u00f3n vital que le permite enfocar su plan de entrenamiento en ventas para lograr el m\u00e1ximo impacto y el m\u00e1ximo crecimiento de ingresos. En base con los datos proporcionados por SSAT, ofrecemos capacitaci\u00f3n en ventas.<\/p>\n<h2>Customer-Focused Selling\u2122 (CFS)<\/h2>\n<p>Customer-Focused Selling, o venta centrada en el cliente, es un programa de formaci\u00f3n en ventas eficaz que proporciona todas las competencias b\u00e1sicas para una venta consultiva eficaz, en funci\u00f3n de las \u00e1reas de mejora identificadas por la herramienta de evaluaci\u00f3n de habilidades de venta (SSAT). CFS brinda el conocimiento espec\u00edfico que su equipo necesita para lograr consistentemente mejores resultados de ventas en un formato de aprendizaje altamente interactivo. Los participantes salen del taller listos para aplicar nuevas habilidades a sus interacciones diarias con clientes y prospectos. CFS est\u00e1 disponible en sesiones de uno y dos d\u00edas.<\/p>\n<h2>Coaching de Ventas: para Gerentes de Ventas<\/h2>\n<p>Sus gerentes de ventas son el punto de apalancamiento cr\u00edtico para lograr una mejora consistente a largo plazo de las ventas. El coaching es una habilidad de gesti\u00f3n de ventas que es fundamental para el desarrollo continuo de sus representantes de ventas. Mientras que la venta centrada en el cliente le ense\u00f1a a su gente c\u00f3mo vender mejor, nuestros programas de coaching (Coaching for Sales Growth \u2122 y Coaching to Excellence \u2122) brindan a los gerentes de ventas las habilidades para impulsar el desempe\u00f1o diario, trimestre tras trimestre. Muchas organizaciones de ventas tienen una curva de campana t\u00edpica: un peque\u00f1o grupo de los mejores vendedores, un peque\u00f1o grupo de los de menor rendimiento y un grupo m\u00e1s grande de vendedores adecuados que no han alcanzado su potencial. Nuestros dos programas innovadores e integrales de coaching de ventas brindan a los gerentes las habilidades para trabajar con cada representante a lo largo de este continuo para mejorar el desempe\u00f1o.<\/p>\n<h2>Coaching para el Crecimiento de Ventas<\/h2>\n<p>El coaching para el crecimiento de las ventas es un potente programa de coaching de gerenciamiento de ventas de un d\u00eda que combina m\u00e9tricas de habilidades de venta con datos de comportamiento aprovechando los datos de SSAT y Predictive Index\u00ae. Este energetizante programa le brinda a sus gerentes de ventas un proceso de coaching comprobado de cuatro cuatro pasos, habilidades de coaching avanzadas y estrategias de aplicaci\u00f3n pr\u00e1ctica. Esta combinaci\u00f3n altamente efectiva de an\u00e1lisis de la fuerza laboral, que incluye datos de habilidades y comportamiento, adem\u00e1s de una aplicaci\u00f3n pr\u00e1ctica, permite a sus gerentes de ventas asesorar con precisi\u00f3n los resultados de ventas sobresalientes.<\/p>\n<h2>Coaching para la Excelencia<\/h2>\n<p>Coaching para la Excelencia es un programa de coaching de gesti\u00f3n de ventas de un d\u00eda que aprovecha las m\u00e9tricas de habilidades de venta de su organizaci\u00f3n utilizando datos SSAT para obtener un resultado totalmente personalizado. Este estimulante programa de d\u00eda completo les brinda a sus gerentes de ventas un proceso de entrenamiento de cuatro pasos comprobados, habilidades de entrenamiento avanzadas y estrategias de aplicaci\u00f3n pr\u00e1ctica. Les permite entrenar con precisi\u00f3n para obtener resultados de ventas sobresalientes.<\/p>\n<h2>Influence Skills Assessment Tool\u2122 (ISAT)<\/h2>\n<p>Nuestro sistema de habilidades de influencia es parte de nuestro paquete de habilidades. Le ayuda a cuantificar y mejorar las habilidades necesarias para ayudar a los l\u00edderes y grupos funcionales de su empresa a competir con \u00e9xito por el tiempo y la atenci\u00f3n limitados de la alta direcci\u00f3n. Los gerentes efectivos influenc\u00edan a las personas para que adopten ideas, productos y planes para fomentar un entorno de trabajo m\u00e1s armonioso y productivo en el que todos contribuyan a lograr un objetivo com\u00fan.<\/p>\n<\/div><\/section><\/div>\n<div  class='hr av-30mm3j-b6b92382fe58f2e389dca766f373d853 hr-default  avia-builder-el-8  el_after_av_one_full  el_before_av_button '><span class='hr-inner '><span class=\"hr-inner-style\"><\/span><\/span><\/div>\n<div  class='avia-button-wrap av-kmoybif7-cebb047d8f106ed2cfdf20e6c9121ff7-wrap avia-button-center  avia-builder-el-9  el_after_av_hr  avia-builder-el-last '><a href='https:\/\/pimasters.com\/es\/contacto\/'  class='avia-button av-kmoybif7-cebb047d8f106ed2cfdf20e6c9121ff7 av-link-btn avia-icon_select-no avia-size-small avia-position-center avia-color-theme-color'   aria-label=\"\u00bfListo para llevar sus ventas al siguiente nivel? Hablemos\"><span class='avia_iconbox_title' >\u00bfListo para llevar sus ventas al siguiente nivel? Hablemos<\/span><\/a><\/div>\n","protected":false},"excerpt":{"rendered":"","protected":false},"author":3,"featured_media":0,"parent":0,"menu_order":0,"comment_status":"closed","ping_status":"closed","template":"","meta":{"_coblocks_attr":"","_coblocks_dimensions":"","_coblocks_responsive_height":"","_coblocks_accordion_ie_support":"","footnotes":""},"class_list":["post-4434","page","type-page","status-publish","hentry"],"yoast_head":"<!-- This site is optimized with the Yoast SEO Premium plugin v27.0 (Yoast SEO v27.6) - https:\/\/yoast.com\/product\/yoast-seo-premium-wordpress\/ -->\n<title>Soluciones que le permiten tomar el control del desempe\u00f1o de las ventas<\/title>\n<meta name=\"description\" content=\"\u00bfLISTO PARA VENDER AL SIGUIENTE NIVEL? Vender es un juego de rendimiento, no de n\u00fameros: soluciones que le permiten tomar el control del rendimiento de las ventas\" \/>\n<meta name=\"robots\" content=\"index, follow, max-snippet:-1, max-image-preview:large, max-video-preview:-1\" \/>\n<link rel=\"canonical\" href=\"https:\/\/pimasters.com\/es\/servicios-de-consultoria\/\" \/>\n<meta property=\"og:locale\" content=\"es_ES\" \/>\n<meta property=\"og:type\" content=\"article\" \/>\n<meta property=\"og:title\" content=\"Servicios de Consultor\u00eda\" \/>\n<meta property=\"og:url\" content=\"https:\/\/pimasters.com\/es\/servicios-de-consultoria\/\" \/>\n<meta property=\"og:site_name\" content=\"PI Masters International\" \/>\n<meta property=\"article:modified_time\" content=\"2022-03-16T18:56:40+00:00\" \/>\n<meta name=\"twitter:card\" content=\"summary_large_image\" \/>\n<meta name=\"twitter:label1\" content=\"Tiempo de lectura\" \/>\n\t<meta name=\"twitter:data1\" content=\"8 minutos\" \/>\n<script type=\"application\/ld+json\" class=\"yoast-schema-graph\">{\"@context\":\"https:\\\/\\\/schema.org\",\"@graph\":[{\"@type\":\"WebPage\",\"@id\":\"https:\\\/\\\/pimasters.com\\\/es\\\/servicios-de-consultoria\\\/\",\"url\":\"https:\\\/\\\/pimasters.com\\\/es\\\/servicios-de-consultoria\\\/\",\"name\":\"Soluciones que le permiten tomar el control del desempe\u00f1o de las ventas\",\"isPartOf\":{\"@id\":\"https:\\\/\\\/pimasters.com\\\/es\\\/#website\"},\"datePublished\":\"2022-03-16T13:49:47+00:00\",\"dateModified\":\"2022-03-16T18:56:40+00:00\",\"description\":\"\u00bfLISTO PARA VENDER AL SIGUIENTE NIVEL? Vender es un juego de rendimiento, no de n\u00fameros: soluciones que le permiten tomar el control del rendimiento de las ventas\",\"breadcrumb\":{\"@id\":\"https:\\\/\\\/pimasters.com\\\/es\\\/servicios-de-consultoria\\\/#breadcrumb\"},\"inLanguage\":\"es\",\"potentialAction\":[{\"@type\":\"ReadAction\",\"target\":[\"https:\\\/\\\/pimasters.com\\\/es\\\/servicios-de-consultoria\\\/\"]}]},{\"@type\":\"BreadcrumbList\",\"@id\":\"https:\\\/\\\/pimasters.com\\\/es\\\/servicios-de-consultoria\\\/#breadcrumb\",\"itemListElement\":[{\"@type\":\"ListItem\",\"position\":1,\"name\":\"Home\",\"item\":\"https:\\\/\\\/pimasters.com\\\/es\\\/pagina-principal-2\\\/\"},{\"@type\":\"ListItem\",\"position\":2,\"name\":\"Servicios de Consultor\u00eda\"}]},{\"@type\":\"WebSite\",\"@id\":\"https:\\\/\\\/pimasters.com\\\/es\\\/#website\",\"url\":\"https:\\\/\\\/pimasters.com\\\/es\\\/\",\"name\":\"PI Masters International\",\"description\":\"Your PI and LPI Experts\",\"publisher\":{\"@id\":\"https:\\\/\\\/pimasters.com\\\/es\\\/#organization\"},\"potentialAction\":[{\"@type\":\"SearchAction\",\"target\":{\"@type\":\"EntryPoint\",\"urlTemplate\":\"https:\\\/\\\/pimasters.com\\\/es\\\/?s={search_term_string}\"},\"query-input\":{\"@type\":\"PropertyValueSpecification\",\"valueRequired\":true,\"valueName\":\"search_term_string\"}}],\"inLanguage\":\"es\"},{\"@type\":\"Organization\",\"@id\":\"https:\\\/\\\/pimasters.com\\\/es\\\/#organization\",\"name\":\"PI Masters International\",\"url\":\"https:\\\/\\\/pimasters.com\\\/es\\\/\",\"logo\":{\"@type\":\"ImageObject\",\"inLanguage\":\"es\",\"@id\":\"https:\\\/\\\/pimasters.com\\\/es\\\/#\\\/schema\\\/logo\\\/image\\\/\",\"url\":\"https:\\\/\\\/pimasters.com\\\/wp-content\\\/uploads\\\/2021\\\/02\\\/Logo-340x156-1.jpg\",\"contentUrl\":\"https:\\\/\\\/pimasters.com\\\/wp-content\\\/uploads\\\/2021\\\/02\\\/Logo-340x156-1.jpg\",\"width\":340,\"height\":156,\"caption\":\"PI Masters International\"},\"image\":{\"@id\":\"https:\\\/\\\/pimasters.com\\\/es\\\/#\\\/schema\\\/logo\\\/image\\\/\"},\"sameAs\":[\"https:\\\/\\\/www.linkedin.com\\\/in\\\/bergrobert\\\/\"]}]}<\/script>\n<!-- \/ Yoast SEO Premium plugin. -->","yoast_head_json":{"title":"Soluciones que le permiten tomar el control del desempe\u00f1o de las ventas","description":"\u00bfLISTO PARA VENDER AL SIGUIENTE NIVEL? Vender es un juego de rendimiento, no de n\u00fameros: soluciones que le permiten tomar el control del rendimiento de las ventas","robots":{"index":"index","follow":"follow","max-snippet":"max-snippet:-1","max-image-preview":"max-image-preview:large","max-video-preview":"max-video-preview:-1"},"canonical":"https:\/\/pimasters.com\/es\/servicios-de-consultoria\/","og_locale":"es_ES","og_type":"article","og_title":"Servicios de Consultor\u00eda","og_url":"https:\/\/pimasters.com\/es\/servicios-de-consultoria\/","og_site_name":"PI Masters International","article_modified_time":"2022-03-16T18:56:40+00:00","twitter_card":"summary_large_image","twitter_misc":{"Tiempo de lectura":"8 minutos"},"schema":{"@context":"https:\/\/schema.org","@graph":[{"@type":"WebPage","@id":"https:\/\/pimasters.com\/es\/servicios-de-consultoria\/","url":"https:\/\/pimasters.com\/es\/servicios-de-consultoria\/","name":"Soluciones que le permiten tomar el control del desempe\u00f1o de las ventas","isPartOf":{"@id":"https:\/\/pimasters.com\/es\/#website"},"datePublished":"2022-03-16T13:49:47+00:00","dateModified":"2022-03-16T18:56:40+00:00","description":"\u00bfLISTO PARA VENDER AL SIGUIENTE NIVEL? Vender es un juego de rendimiento, no de n\u00fameros: soluciones que le permiten tomar el control del rendimiento de las ventas","breadcrumb":{"@id":"https:\/\/pimasters.com\/es\/servicios-de-consultoria\/#breadcrumb"},"inLanguage":"es","potentialAction":[{"@type":"ReadAction","target":["https:\/\/pimasters.com\/es\/servicios-de-consultoria\/"]}]},{"@type":"BreadcrumbList","@id":"https:\/\/pimasters.com\/es\/servicios-de-consultoria\/#breadcrumb","itemListElement":[{"@type":"ListItem","position":1,"name":"Home","item":"https:\/\/pimasters.com\/es\/pagina-principal-2\/"},{"@type":"ListItem","position":2,"name":"Servicios de Consultor\u00eda"}]},{"@type":"WebSite","@id":"https:\/\/pimasters.com\/es\/#website","url":"https:\/\/pimasters.com\/es\/","name":"PI Masters International","description":"Your PI and LPI Experts","publisher":{"@id":"https:\/\/pimasters.com\/es\/#organization"},"potentialAction":[{"@type":"SearchAction","target":{"@type":"EntryPoint","urlTemplate":"https:\/\/pimasters.com\/es\/?s={search_term_string}"},"query-input":{"@type":"PropertyValueSpecification","valueRequired":true,"valueName":"search_term_string"}}],"inLanguage":"es"},{"@type":"Organization","@id":"https:\/\/pimasters.com\/es\/#organization","name":"PI Masters International","url":"https:\/\/pimasters.com\/es\/","logo":{"@type":"ImageObject","inLanguage":"es","@id":"https:\/\/pimasters.com\/es\/#\/schema\/logo\/image\/","url":"https:\/\/pimasters.com\/wp-content\/uploads\/2021\/02\/Logo-340x156-1.jpg","contentUrl":"https:\/\/pimasters.com\/wp-content\/uploads\/2021\/02\/Logo-340x156-1.jpg","width":340,"height":156,"caption":"PI Masters International"},"image":{"@id":"https:\/\/pimasters.com\/es\/#\/schema\/logo\/image\/"},"sameAs":["https:\/\/www.linkedin.com\/in\/bergrobert\/"]}]}},"_links":{"self":[{"href":"https:\/\/pimasters.com\/es\/wp-json\/wp\/v2\/pages\/4434","targetHints":{"allow":["GET"]}}],"collection":[{"href":"https:\/\/pimasters.com\/es\/wp-json\/wp\/v2\/pages"}],"about":[{"href":"https:\/\/pimasters.com\/es\/wp-json\/wp\/v2\/types\/page"}],"author":[{"embeddable":true,"href":"https:\/\/pimasters.com\/es\/wp-json\/wp\/v2\/users\/3"}],"replies":[{"embeddable":true,"href":"https:\/\/pimasters.com\/es\/wp-json\/wp\/v2\/comments?post=4434"}],"version-history":[{"count":6,"href":"https:\/\/pimasters.com\/es\/wp-json\/wp\/v2\/pages\/4434\/revisions"}],"predecessor-version":[{"id":4466,"href":"https:\/\/pimasters.com\/es\/wp-json\/wp\/v2\/pages\/4434\/revisions\/4466"}],"wp:attachment":[{"href":"https:\/\/pimasters.com\/es\/wp-json\/wp\/v2\/media?parent=4434"}],"curies":[{"name":"wp","href":"https:\/\/api.w.org\/{rel}","templated":true}]}}