{"id":5331,"date":"2023-08-16T18:09:22","date_gmt":"2023-08-16T18:09:22","guid":{"rendered":"https:\/\/pimasters.com\/soluciones\/los-dream-teams-lo-consiguen\/"},"modified":"2023-08-16T18:09:23","modified_gmt":"2023-08-16T18:09:23","slug":"los-dream-teams-lo-consiguen","status":"publish","type":"page","link":"https:\/\/pimasters.com\/es\/soluciones\/los-dream-teams-lo-consiguen\/","title":{"rendered":"Los \u00abDream Teams\u00bb lo consiguen"},"content":{"rendered":"<div id='av_section_1'  class='avia-section av-46ych1-d5e64dba1e9666439aa509c55d290443 main_color avia-section-default avia-no-border-styling  avia-builder-el-0  avia-builder-el-no-sibling  avia-bg-style-scroll container_wrap sidebar_right'  ><div class='container av-section-cont-open' ><main  role=\"main\" itemprop=\"mainContentOfPage\"  class='template-page content  av-content-small alpha units'><div class='post-entry post-entry-type-page post-entry-5331'><div class='entry-content-wrapper clearfix'>\n<div  class='flex_column av-2g2bud-dfff358246d6bce8a5768503616de291 av_one_full  avia-builder-el-1  el_before_av_textblock  avia-builder-el-first  first flex_column_div  '     ><section  class='av_textblock_section av-lka2rr97-d3420827c27b3b1b0b8f859b3a7e6e03 '   itemscope=\"itemscope\" itemtype=\"https:\/\/schema.org\/CreativeWork\" ><div class='avia_textblock'  itemprop=\"text\" ><h1>Los \u00abDream Teams\u00bb lo consiguen<\/h1>\n<\/div><\/section><br \/>\n<div  class='avia-video av-lka2qt02-f39ff76f5487bdb9ae8718f6eb22bd4a avia-video-16-9 av-no-preview-image avia-video-load-always avia-video-html5'  itemprop=\"video\" itemtype=\"https:\/\/schema.org\/VideoObject\"  data-original_url='https:\/\/pimasters.com\/wp-content\/uploads\/2021\/03\/Design-Animation-Explainer-Video-Dream-Teams-Summit-2021.mp4'><video class='avia_video'    preload=\"auto\"  controls id='player_5331_2136671303_631335996'><source src='https:\/\/pimasters.com\/wp-content\/uploads\/2021\/03\/Design-Animation-Explainer-Video-Dream-Teams-Summit-2021.mp4' type='video\/mp4' \/><\/video><\/div><\/p><\/div><section  class='av_textblock_section av-lka2tj1d-1387eabd23d972cbf75ae341a1a60258 '   itemscope=\"itemscope\" itemtype=\"https:\/\/schema.org\/CreativeWork\" ><div class='avia_textblock'  itemprop=\"text\" ><h3>\u00bfQu\u00e9 tipo de l\u00edder es Usted?<\/h3>\n<ul>\n<li>Innovaci\u00f3n y Agilidad &#8211; visionario, innovador<\/li>\n<li>Trabajo en Equipo y Experiencia de los Empleados &#8211; solidario, transparente, emp\u00e1tico<\/li>\n<li>Proceso y Precisi\u00f3n &#8211; bien organizado, coordinado, eficiente<\/li>\n<li>Resultados y Disciplina &#8211; competitivo, con empuje, intenso<\/li>\n<\/ul>\n<\/div><\/section>\n<section  class='av_textblock_section av-lka2v16d-f754fa6bfe1ebdc51805f29c3f7fc7b3 '   itemscope=\"itemscope\" itemtype=\"https:\/\/schema.org\/CreativeWork\" ><div class='avia_textblock'  itemprop=\"text\" ><p>El Tipo de Equipo nos informa sobre la cultura, los valores y las inclinaciones naturales de su equipo.<\/p>\n<p>El \u00c9nfasis Estrat\u00e9gico nos informa sobre las metas y los objetivos del equipo.<\/p>\n<p>La combinaci\u00f3n de los Tipos de Equipo y el \u00c9nfasis Estrat\u00e9gico puede responder preguntas como:<\/p>\n<ul>\n<li>\u00bfC\u00f3mo podemos aprovechar las fortalezas naturales de nuestro equipo?<\/li>\n<li>\u00bfD\u00f3nde est\u00e1n nuestras \u00e1reas de oportunidad para lograr nuestros objetivos?<\/li>\n<li>\u00bfQu\u00e9 aporta cada miembro del equipo con respecto a estas fortalezas y \u00e1reas de oportunidad?<\/li>\n<\/ul>\n<p>La herramienta PI Team Discovery utiliza hallazgos cient\u00edficos te\u00f3ricos y emp\u00edricos para generar ideas y acciones recomendadas que puede utilizar para optimizar la cohesi\u00f3n y el rendimiento de su equipo.<\/p>\n<ol>\n<li><strong>USTED<\/strong> &#8211; Mayor autoconciencia de su liderazgo, fortalezas, posibles puntos ciegos y \u00e1reas de sinergia y conflicto en su equipo.<\/li>\n<li><strong>USTED + OTROS<\/strong> &#8211; Comprensi\u00f3n de la composici\u00f3n de su equipo, incluidas sus fortalezas, posibles puntos ciegos, brechas y \u00e1reas problem\u00e1ticas.<\/li>\n<li><strong>USTED + OTROS + TRABAJO<\/strong> La habilidad de verse a s\u00ed mismo, a su equipo y a su estrategia en un lugar centralizado para identificar la alineaci\u00f3n y las brechas para que pueda impulsar los resultados.<\/li>\n<li><strong>ACCI\u00d3N<\/strong> Un camino claro a seguir para comenzar a construir y alinear equipos que brinden resultados para su negocio.<\/li>\n<\/ol>\n<\/div><\/section>\n<\/div><\/div><\/main><!-- close content main element --><\/div><\/div><div id='after_section_1'  class='main_color av_default_container_wrap container_wrap sidebar_right'  ><div class='container av-section-cont-open' ><div class='template-page content  av-content-small alpha units'><div class='post-entry post-entry-type-page post-entry-5331'><div class='entry-content-wrapper clearfix'>\n","protected":false},"excerpt":{"rendered":"","protected":false},"author":3,"featured_media":0,"parent":4365,"menu_order":0,"comment_status":"closed","ping_status":"closed","template":"","meta":{"_coblocks_attr":"","_coblocks_dimensions":"","_coblocks_responsive_height":"","_coblocks_accordion_ie_support":"","footnotes":""},"class_list":["post-5331","page","type-page","status-publish","hentry"],"yoast_head":"<!-- This site is optimized with the Yoast SEO Premium plugin v27.0 (Yoast SEO v27.0) - https:\/\/yoast.com\/product\/yoast-seo-premium-wordpress\/ -->\n<title>Los &quot;Dream Teams&quot; lo consiguen - PI Masters International<\/title>\n<meta name=\"robots\" content=\"index, follow, max-snippet:-1, max-image-preview:large, max-video-preview:-1\" \/>\n<link rel=\"canonical\" href=\"https:\/\/pimasters.com\/es\/soluciones\/los-dream-teams-lo-consiguen\/\" \/>\n<meta property=\"og:locale\" content=\"es_ES\" \/>\n<meta property=\"og:type\" content=\"article\" \/>\n<meta property=\"og:title\" content=\"Los &quot;Dream Teams&quot; lo consiguen\" \/>\n<meta property=\"og:url\" content=\"https:\/\/pimasters.com\/es\/soluciones\/los-dream-teams-lo-consiguen\/\" \/>\n<meta property=\"og:site_name\" content=\"PI Masters International\" \/>\n<meta property=\"article:modified_time\" content=\"2023-08-16T18:09:23+00:00\" \/>\n<meta name=\"twitter:card\" content=\"summary_large_image\" \/>\n<meta name=\"twitter:label1\" content=\"Tiempo de lectura\" \/>\n\t<meta name=\"twitter:data1\" content=\"7 minutos\" \/>\n<script type=\"application\/ld+json\" class=\"yoast-schema-graph\">{\"@context\":\"https:\/\/schema.org\",\"@graph\":[{\"@type\":\"WebPage\",\"@id\":\"https:\/\/pimasters.com\/es\/soluciones\/los-dream-teams-lo-consiguen\/\",\"url\":\"https:\/\/pimasters.com\/es\/soluciones\/los-dream-teams-lo-consiguen\/\",\"name\":\"Los \\\"Dream Teams\\\" lo consiguen - PI Masters International\",\"isPartOf\":{\"@id\":\"https:\/\/pimasters.com\/es\/#website\"},\"datePublished\":\"2023-08-16T18:09:22+00:00\",\"dateModified\":\"2023-08-16T18:09:23+00:00\",\"breadcrumb\":{\"@id\":\"https:\/\/pimasters.com\/es\/soluciones\/los-dream-teams-lo-consiguen\/#breadcrumb\"},\"inLanguage\":\"es\",\"potentialAction\":[{\"@type\":\"ReadAction\",\"target\":[\"https:\/\/pimasters.com\/es\/soluciones\/los-dream-teams-lo-consiguen\/\"]}]},{\"@type\":\"BreadcrumbList\",\"@id\":\"https:\/\/pimasters.com\/es\/soluciones\/los-dream-teams-lo-consiguen\/#breadcrumb\",\"itemListElement\":[{\"@type\":\"ListItem\",\"position\":1,\"name\":\"Home\",\"item\":\"https:\/\/pimasters.com\/es\/pagina-principal-2\/\"},{\"@type\":\"ListItem\",\"position\":2,\"name\":\"Soluciones\",\"item\":\"https:\/\/pimasters.com\/es\/soluciones\/\"},{\"@type\":\"ListItem\",\"position\":3,\"name\":\"Los &#8220;Dream Teams&#8221; lo consiguen\"}]},{\"@type\":\"WebSite\",\"@id\":\"https:\/\/pimasters.com\/es\/#website\",\"url\":\"https:\/\/pimasters.com\/es\/\",\"name\":\"PI Masters International\",\"description\":\"Your PI and LPI Experts\",\"publisher\":{\"@id\":\"https:\/\/pimasters.com\/es\/#organization\"},\"potentialAction\":[{\"@type\":\"SearchAction\",\"target\":{\"@type\":\"EntryPoint\",\"urlTemplate\":\"https:\/\/pimasters.com\/es\/?s={search_term_string}\"},\"query-input\":{\"@type\":\"PropertyValueSpecification\",\"valueRequired\":true,\"valueName\":\"search_term_string\"}}],\"inLanguage\":\"es\"},{\"@type\":\"Organization\",\"@id\":\"https:\/\/pimasters.com\/es\/#organization\",\"name\":\"PI Masters International\",\"url\":\"https:\/\/pimasters.com\/es\/\",\"logo\":{\"@type\":\"ImageObject\",\"inLanguage\":\"es\",\"@id\":\"https:\/\/pimasters.com\/es\/#\/schema\/logo\/image\/\",\"url\":\"https:\/\/pimasters.com\/wp-content\/uploads\/2021\/02\/Logo-340x156-1.jpg\",\"contentUrl\":\"https:\/\/pimasters.com\/wp-content\/uploads\/2021\/02\/Logo-340x156-1.jpg\",\"width\":340,\"height\":156,\"caption\":\"PI Masters International\"},\"image\":{\"@id\":\"https:\/\/pimasters.com\/es\/#\/schema\/logo\/image\/\"},\"sameAs\":[\"https:\/\/www.linkedin.com\/in\/bergrobert\/\"]}]}<\/script>\n<!-- \/ Yoast SEO Premium plugin. -->","yoast_head_json":{"title":"Los \"Dream Teams\" lo consiguen - PI Masters International","robots":{"index":"index","follow":"follow","max-snippet":"max-snippet:-1","max-image-preview":"max-image-preview:large","max-video-preview":"max-video-preview:-1"},"canonical":"https:\/\/pimasters.com\/es\/soluciones\/los-dream-teams-lo-consiguen\/","og_locale":"es_ES","og_type":"article","og_title":"Los \"Dream Teams\" lo consiguen","og_url":"https:\/\/pimasters.com\/es\/soluciones\/los-dream-teams-lo-consiguen\/","og_site_name":"PI Masters International","article_modified_time":"2023-08-16T18:09:23+00:00","twitter_card":"summary_large_image","twitter_misc":{"Tiempo de lectura":"7 minutos"},"schema":{"@context":"https:\/\/schema.org","@graph":[{"@type":"WebPage","@id":"https:\/\/pimasters.com\/es\/soluciones\/los-dream-teams-lo-consiguen\/","url":"https:\/\/pimasters.com\/es\/soluciones\/los-dream-teams-lo-consiguen\/","name":"Los \"Dream Teams\" lo consiguen - PI Masters International","isPartOf":{"@id":"https:\/\/pimasters.com\/es\/#website"},"datePublished":"2023-08-16T18:09:22+00:00","dateModified":"2023-08-16T18:09:23+00:00","breadcrumb":{"@id":"https:\/\/pimasters.com\/es\/soluciones\/los-dream-teams-lo-consiguen\/#breadcrumb"},"inLanguage":"es","potentialAction":[{"@type":"ReadAction","target":["https:\/\/pimasters.com\/es\/soluciones\/los-dream-teams-lo-consiguen\/"]}]},{"@type":"BreadcrumbList","@id":"https:\/\/pimasters.com\/es\/soluciones\/los-dream-teams-lo-consiguen\/#breadcrumb","itemListElement":[{"@type":"ListItem","position":1,"name":"Home","item":"https:\/\/pimasters.com\/es\/pagina-principal-2\/"},{"@type":"ListItem","position":2,"name":"Soluciones","item":"https:\/\/pimasters.com\/es\/soluciones\/"},{"@type":"ListItem","position":3,"name":"Los &#8220;Dream Teams&#8221; lo consiguen"}]},{"@type":"WebSite","@id":"https:\/\/pimasters.com\/es\/#website","url":"https:\/\/pimasters.com\/es\/","name":"PI Masters International","description":"Your PI and LPI Experts","publisher":{"@id":"https:\/\/pimasters.com\/es\/#organization"},"potentialAction":[{"@type":"SearchAction","target":{"@type":"EntryPoint","urlTemplate":"https:\/\/pimasters.com\/es\/?s={search_term_string}"},"query-input":{"@type":"PropertyValueSpecification","valueRequired":true,"valueName":"search_term_string"}}],"inLanguage":"es"},{"@type":"Organization","@id":"https:\/\/pimasters.com\/es\/#organization","name":"PI Masters International","url":"https:\/\/pimasters.com\/es\/","logo":{"@type":"ImageObject","inLanguage":"es","@id":"https:\/\/pimasters.com\/es\/#\/schema\/logo\/image\/","url":"https:\/\/pimasters.com\/wp-content\/uploads\/2021\/02\/Logo-340x156-1.jpg","contentUrl":"https:\/\/pimasters.com\/wp-content\/uploads\/2021\/02\/Logo-340x156-1.jpg","width":340,"height":156,"caption":"PI Masters International"},"image":{"@id":"https:\/\/pimasters.com\/es\/#\/schema\/logo\/image\/"},"sameAs":["https:\/\/www.linkedin.com\/in\/bergrobert\/"]}]}},"_links":{"self":[{"href":"https:\/\/pimasters.com\/es\/wp-json\/wp\/v2\/pages\/5331","targetHints":{"allow":["GET"]}}],"collection":[{"href":"https:\/\/pimasters.com\/es\/wp-json\/wp\/v2\/pages"}],"about":[{"href":"https:\/\/pimasters.com\/es\/wp-json\/wp\/v2\/types\/page"}],"author":[{"embeddable":true,"href":"https:\/\/pimasters.com\/es\/wp-json\/wp\/v2\/users\/3"}],"replies":[{"embeddable":true,"href":"https:\/\/pimasters.com\/es\/wp-json\/wp\/v2\/comments?post=5331"}],"version-history":[{"count":3,"href":"https:\/\/pimasters.com\/es\/wp-json\/wp\/v2\/pages\/5331\/revisions"}],"predecessor-version":[{"id":5334,"href":"https:\/\/pimasters.com\/es\/wp-json\/wp\/v2\/pages\/5331\/revisions\/5334"}],"up":[{"embeddable":true,"href":"https:\/\/pimasters.com\/es\/wp-json\/wp\/v2\/pages\/4365"}],"wp:attachment":[{"href":"https:\/\/pimasters.com\/es\/wp-json\/wp\/v2\/media?parent=5331"}],"curies":[{"name":"wp","href":"https:\/\/api.w.org\/{rel}","templated":true}]}}