{"id":5335,"date":"2023-08-16T18:10:46","date_gmt":"2023-08-16T18:10:46","guid":{"rendered":"https:\/\/pimasters.com\/soluciones\/liderazgo\/"},"modified":"2023-08-16T18:37:02","modified_gmt":"2023-08-16T18:37:02","slug":"liderazgo","status":"publish","type":"page","link":"https:\/\/pimasters.com\/es\/soluciones\/liderazgo\/","title":{"rendered":"Liderazgo"},"content":{"rendered":"<div  class='flex_column av-7b9zo7-6111f9b2416868c9f9f502a91a7bbccd av_one_full  avia-builder-el-0  el_before_av_section  avia-builder-el-no-sibling  first flex_column_div  '     ><section  class='av_textblock_section av-lkwpzt9v-b68aa7c0e5a6aaa241127c87eb1367ac '   itemscope=\"itemscope\" itemtype=\"https:\/\/schema.org\/CreativeWork\" ><div class='avia_textblock'  itemprop=\"text\" ><h2>La canalizaci\u00f3n del liderazgo: Aproveche el potencial de liderazgo de cada empleado<\/h2>\n<p>El liderazgo no es s\u00f3lo liderazgo, y su empresa no es una empresa m\u00e1s. Sus l\u00edderes se enfrentan a problemas espec\u00edficos de su sector, empresa y empleados.<\/p>\n<p>\u00bfNo tiene sentido evaluar a sus l\u00edderes en funci\u00f3n de las tareas y retos reales a los que se enfrentan y no de conceptos abstractos que pueden (o no) aplicarse a su empresa?<\/p>\n<p>Esa es la idea que subyace en el concepto de la Conducci\u00f3n del Liderazgo: evaluar y formar a sus l\u00edderes en funci\u00f3n de su realidad a trav\u00e9s de la Conducci\u00f3n del Liderazgo (LPI).<\/p>\n<p>Para saber m\u00e1s sobre los principios de la canalizaci\u00f3n del liderazgo, vea esto<\/p>\n<p style=\"text-align: center;\">\n<iframe loading=\"lazy\" title=\"Reproductor de v\u00eddeo YouTube\" src=\"https:\/\/www.youtube.com\/embed\/FSJcPoDMXBU\" width=\"560\" height=\"315\" frameborder=\"0\" allowfullscreen=\"allowfullscreen\"><\/iframe><\/p>\n<\/div><\/section><\/div>\n<\/div><\/div><\/div><!-- close content main div --><\/div><\/div><div id='av_section_1'  class='avia-section av-1z9p3-a484781435843180d85d2b5aa70c9847 main_color avia-section-default avia-no-border-styling  avia-builder-el-2  el_after_av_one_full  el_before_av_one_full  avia-bg-style-scroll container_wrap sidebar_right'  ><div class='container av-section-cont-open' ><div class='template-page content  av-content-small alpha units'><div class='post-entry post-entry-type-page post-entry-5335'><div class='entry-content-wrapper clearfix'>\n<section  class='av_textblock_section av-lkwq32nx-5cefbaeb67f6e9632833c24ae8f895b9 '   itemscope=\"itemscope\" itemtype=\"https:\/\/schema.org\/CreativeWork\" ><div class='avia_textblock'  itemprop=\"text\" ><h2>El Proceso de Liderazgo (LPI): Identificar. Mejorar. Inspira.<\/h2>\n<p>Puede que crea que su equipo de liderazgo es sano, robusto y s\u00f3lido, y puede que as\u00ed sea, pero&#8230;<\/p>\n<p><em>\u00bfDispone de un plan de sucesi\u00f3n?  <\/em><\/p>\n<p><em>\u00bfQu\u00e9 pasar\u00eda si dos o tres l\u00edderes clave decidieran jubilarse o dejaran la empresa en los pr\u00f3ximos meses?  <\/em><\/p>\n<p><em>\u00bfCu\u00e1l es su nivel de retenci\u00f3n de empleados?  <\/em><\/p>\n<p><em>\u00bfC\u00f3mo est\u00e1 la moral de los empleados?  <\/em><\/p>\n<p>El Leadership Pipeline Index se centra en algo m\u00e1s que en ayudar a los l\u00edderes existentes a desarrollar nuevas habilidades y mentalidades: proporciona evaluaci\u00f3n y formaci\u00f3n en liderazgo a todos los niveles, a todos los empleados.<\/p>\n<p><strong>Como maestros LPI, podemos ayudarle:  <\/strong><\/p>\n<ul>\n<li>Construir una organizaci\u00f3n impulsada por el liderazgo<\/li>\n<li>Mantener el \u00e9xito del liderazgo<\/li>\n<li>Resolver problemas de jubilaci\u00f3n y sucesi\u00f3n<\/li>\n<li>Identifique a los futuros l\u00edderes, h\u00e1galos crecer internamente y ay\u00fadele a promocionar desde dentro.<\/li>\n<li>Formar eficazmente a su personal para que ascienda en la escala de liderazgo<\/li>\n<\/ul>\n<p>Invierta en sus empleados y aumente la moral y la retenci\u00f3n<\/p>\n<\/div><\/section>\n<\/div><\/div><\/div><!-- close content main div --><\/div><\/div><div id='after_section_1'  class='main_color av_default_container_wrap container_wrap sidebar_right'  ><div class='container av-section-cont-open' ><div class='template-page content  av-content-small alpha units'><div class='post-entry post-entry-type-page post-entry-5335'><div class='entry-content-wrapper clearfix'>\n<div  class='flex_column av-4egewn-8b462b7b85e3ffe48d39f8dacef98bba av_one_full  avia-builder-el-4  el_after_av_section  avia-builder-el-no-sibling  first flex_column_div  '     ><section  class='av_textblock_section av-lkwq933x-9064cf7174281ff3cd419658c5586466 '   itemscope=\"itemscope\" itemtype=\"https:\/\/schema.org\/CreativeWork\" ><div class='avia_textblock'  itemprop=\"text\" ><h3>Somos sus socios en LPI<\/h3>\n<p>He aqu\u00ed por qu\u00e9:<\/p>\n<ol start=\"1\">\n<li>Nuestros clientes ven tanto un impacto inmediato mensurable como resultados a largo plazo.<\/li>\n<li>Se beneficiar\u00e1 de nuestro enfoque de dise\u00f1o flexible: combinamos lo mejor de nuestro enfoque fundacional con la situaci\u00f3n y las necesidades \u00fanicas de su empresa.<\/li>\n<li>Puede medir sus progresos porque nuestras soluciones se basan en datos.<\/li>\n<li>Tenemos \u00e9xito internacional: m\u00e1s de 20.000 empleados de m\u00e1s de 75 pa\u00edses han participado en nuestro programa y se han beneficiado de \u00e9l.<\/li>\n<\/ol>\n<h3>\u00bfQuiere saber m\u00e1s?<\/h3>\n<script type=\"text\/javascript\">\n\/* <![CDATA[ *\/\nvar gform;gform||(document.addEventListener(\"gform_main_scripts_loaded\",function(){gform.scriptsLoaded=!0}),document.addEventListener(\"gform\/theme\/scripts_loaded\",function(){gform.themeScriptsLoaded=!0}),window.addEventListener(\"DOMContentLoaded\",function(){gform.domLoaded=!0}),gform={domLoaded:!1,scriptsLoaded:!1,themeScriptsLoaded:!1,isFormEditor:()=>\"function\"==typeof InitializeEditor,callIfLoaded:function(o){return!(!gform.domLoaded||!gform.scriptsLoaded||!gform.themeScriptsLoaded&&!gform.isFormEditor()||(gform.isFormEditor()&&console.warn(\"The use of gform.initializeOnLoaded() is deprecated in the form editor context and will be removed in Gravity Forms 3.1.\"),o(),0))},initializeOnLoaded:function(o){gform.callIfLoaded(o)||(document.addEventListener(\"gform_main_scripts_loaded\",()=>{gform.scriptsLoaded=!0,gform.callIfLoaded(o)}),document.addEventListener(\"gform\/theme\/scripts_loaded\",()=>{gform.themeScriptsLoaded=!0,gform.callIfLoaded(o)}),window.addEventListener(\"DOMContentLoaded\",()=>{gform.domLoaded=!0,gform.callIfLoaded(o)}))},hooks:{action:{},filter:{}},addAction:function(o,r,e,t){gform.addHook(\"action\",o,r,e,t)},addFilter:function(o,r,e,t){gform.addHook(\"filter\",o,r,e,t)},doAction:function(o){gform.doHook(\"action\",o,arguments)},applyFilters:function(o){return gform.doHook(\"filter\",o,arguments)},removeAction:function(o,r){gform.removeHook(\"action\",o,r)},removeFilter:function(o,r,e){gform.removeHook(\"filter\",o,r,e)},addHook:function(o,r,e,t,n){null==gform.hooks[o][r]&&(gform.hooks[o][r]=[]);var d=gform.hooks[o][r];null==n&&(n=r+\"_\"+d.length),gform.hooks[o][r].push({tag:n,callable:e,priority:t=null==t?10:t})},doHook:function(r,o,e){var t;if(e=Array.prototype.slice.call(e,1),null!=gform.hooks[r][o]&&((o=gform.hooks[r][o]).sort(function(o,r){return o.priority-r.priority}),o.forEach(function(o){\"function\"!=typeof(t=o.callable)&&(t=window[t]),\"action\"==r?t.apply(null,e):e[0]=t.apply(null,e)})),\"filter\"==r)return e[0]},removeHook:function(o,r,t,n){var e;null!=gform.hooks[o][r]&&(e=(e=gform.hooks[o][r]).filter(function(o,r,e){return!!(null!=n&&n!=o.tag||null!=t&&t!=o.priority)}),gform.hooks[o][r]=e)}});\n\/* ]]> *\/\n<\/script>\n\n                <div class='gf_browser_gecko gform_wrapper gravity-theme gform-theme--no-framework' data-form-theme='gravity-theme' data-form-index='0' id='gform_wrapper_17' >\n                        <div class='gform_heading'>\n                            <p class='gform_description'><\/p>\n                        <\/div><form method='post' enctype='multipart\/form-data'  id='gform_17'  action='\/es\/wp-json\/wp\/v2\/pages\/5335' data-formid='17' novalidate>\n                        <div class='gform-body gform_body'><div id='gform_fields_17' class='gform_fields top_label form_sublabel_below description_below validation_below'><fieldset id=\"field_17_1\" class=\"gfield gfield--type-name gfield_contains_required field_sublabel_below gfield--no-description field_description_below field_validation_below gfield_visibility_visible\"  ><legend class='gfield_label gform-field-label gfield_label_before_complex' >Name<span class=\"gfield_required\"><span class=\"gfield_required gfield_required_text\">(Obligatorio)<\/span><\/span><\/legend><div class='ginput_complex ginput_container ginput_container--name no_prefix has_first_name no_middle_name has_last_name no_suffix gf_name_has_2 ginput_container_name gform-grid-row' id='input_17_1'>\n                            \n                            <span id='input_17_1_3_container' class='name_first gform-grid-col gform-grid-col--size-auto' >\n                                                    <input type='text' name='input_1.3' id='input_17_1_3' value=''   aria-required='true'     \/>\n                                                    <label for='input_17_1_3' class='gform-field-label gform-field-label--type-sub '>Nombre<\/label>\n                                                <\/span>\n                            \n                            <span id='input_17_1_6_container' class='name_last gform-grid-col gform-grid-col--size-auto' >\n                                                    <input type='text' name='input_1.6' id='input_17_1_6' value=''   aria-required='true'     \/>\n                                                    <label for='input_17_1_6' class='gform-field-label gform-field-label--type-sub '>Apellidos<\/label>\n                                                <\/span>\n                            \n                        <\/div><\/fieldset><div id=\"field_17_3\" class=\"gfield gfield--type-email gfield_contains_required field_sublabel_below gfield--no-description field_description_below field_validation_below gfield_visibility_visible\"  ><label class='gfield_label gform-field-label' for='input_17_3'>Email<span class=\"gfield_required\"><span class=\"gfield_required gfield_required_text\">(Obligatorio)<\/span><\/span><\/label><div class='ginput_container ginput_container_email'>\n                            <input name='input_3' id='input_17_3' type='email' value='' class='large'    aria-required=\"true\" aria-invalid=\"false\"  \/>\n                        <\/div><\/div><div id=\"field_17_7\" class=\"gfield gfield--type-phone gfield--width-full field_sublabel_below gfield--no-description field_description_below field_validation_below gfield_visibility_visible\"  ><label class='gfield_label gform-field-label' for='input_17_7'>Phone<\/label><div class='ginput_container ginput_container_phone'><input name='input_7' id='input_17_7' type='tel' value='' class='large'    aria-invalid=\"false\"   \/><\/div><\/div><div id=\"field_17_4\" class=\"gfield gfield--type-text gfield_contains_required field_sublabel_below gfield--no-description field_description_below field_validation_below gfield_visibility_visible\"  ><label class='gfield_label gform-field-label' for='input_17_4'>Company Website<span class=\"gfield_required\"><span class=\"gfield_required gfield_required_text\">(Obligatorio)<\/span><\/span><\/label><div class='ginput_container ginput_container_text'><input name='input_4' id='input_17_4' type='text' value='' class='large'     aria-required=\"true\" aria-invalid=\"false\"   \/><\/div><\/div><div id=\"field_17_6\" class=\"gfield gfield--type-textarea gfield--width-full field_sublabel_below gfield--no-description field_description_below field_validation_below gfield_visibility_visible\"  ><label class='gfield_label gform-field-label' for='input_17_6'>I am interested in<\/label><div class='ginput_container ginput_container_textarea'><textarea name='input_6' id='input_17_6' class='textarea large'      aria-invalid=\"false\"   rows='10' cols='50'><\/textarea><\/div><\/div><\/div><\/div>\n        <div class='gform-footer gform_footer top_label'> <input type='submit' id='gform_submit_button_17' class='gform_button button' onclick='gform.submission.handleButtonClick(this);' data-submission-type='submit' value='Submit'  \/> \n            <input type='hidden' class='gform_hidden' name='gform_submission_method' data-js='gform_submission_method_17' value='postback' \/>\n            <input type='hidden' class='gform_hidden' name='gform_theme' data-js='gform_theme_17' id='gform_theme_17' value='gravity-theme' \/>\n            <input type='hidden' class='gform_hidden' name='gform_style_settings' data-js='gform_style_settings_17' id='gform_style_settings_17' value='[]' \/>\n            <input type='hidden' class='gform_hidden' name='is_submit_17' value='1' \/>\n            <input type='hidden' class='gform_hidden' name='gform_submit' value='17' \/>\n            \n            <input type='hidden' class='gform_hidden' name='gform_currency' data-currency='USD' value='o0vFT6hfv7LFi385RYYtslnFhHEd3PYiDBeGkbUCjr7wNnqW56YyvR8Ae5iIoZ4KpVwuxNqljyj+5+89bHzS8v9DPaF2QCufcT+3MwelvFWpjaM=' \/>\n            <input type='hidden' class='gform_hidden' name='gform_unique_id' value='' \/>\n            <input type='hidden' class='gform_hidden' name='state_17' value='WyJbXSIsImRjZGIxNDQ4ZjllYWVlYjMxNTJhMWVhMzQ0MDQxMmQ0Il0=' \/>\n            <input type='hidden' autocomplete='off' class='gform_hidden' name='gform_target_page_number_17' id='gform_target_page_number_17' value='0' \/>\n            <input type='hidden' autocomplete='off' class='gform_hidden' name='gform_source_page_number_17' id='gform_source_page_number_17' value='1' \/>\n            <input type='hidden' name='gform_field_values' value='' \/>\n            \n        <\/div>\n                        <\/form>\n                        <\/div><script type=\"text\/javascript\">\n\/* <![CDATA[ *\/\n gform.initializeOnLoaded( function() {gformInitSpinner( 17, 'https:\/\/pimasters.com\/wp-content\/plugins\/gravityforms\/images\/spinner.svg', true );jQuery('#gform_ajax_frame_17').on('load',function(){var contents = jQuery(this).contents().find('*').html();var is_postback = contents.indexOf('GF_AJAX_POSTBACK') >= 0;if(!is_postback){return;}var form_content = jQuery(this).contents().find('#gform_wrapper_17');var is_confirmation = jQuery(this).contents().find('#gform_confirmation_wrapper_17').length > 0;var is_redirect = contents.indexOf('gformRedirect(){') >= 0;var is_form = form_content.length > 0 && ! is_redirect && ! is_confirmation;var mt = parseInt(jQuery('html').css('margin-top'), 10) + parseInt(jQuery('body').css('margin-top'), 10) + 100;if(is_form){jQuery('#gform_wrapper_17').html(form_content.html());if(form_content.hasClass('gform_validation_error')){jQuery('#gform_wrapper_17').addClass('gform_validation_error');} else {jQuery('#gform_wrapper_17').removeClass('gform_validation_error');}setTimeout( function() { \/* delay the scroll by 50 milliseconds to fix a bug in chrome *\/  }, 50 );if(window['gformInitDatepicker']) {gformInitDatepicker();}if(window['gformInitPriceFields']) {gformInitPriceFields();}var current_page = jQuery('#gform_source_page_number_17').val();gformInitSpinner( 17, 'https:\/\/pimasters.com\/wp-content\/plugins\/gravityforms\/images\/spinner.svg', true );jQuery(document).trigger('gform_page_loaded', [17, current_page]);window['gf_submitting_17'] = false;}else if(!is_redirect){var confirmation_content = jQuery(this).contents().find('.GF_AJAX_POSTBACK').html();if(!confirmation_content){confirmation_content = contents;}jQuery('#gform_wrapper_17').replaceWith(confirmation_content);jQuery(document).trigger('gform_confirmation_loaded', [17]);window['gf_submitting_17'] = false;wp.a11y.speak(jQuery('#gform_confirmation_message_17').text());}else{jQuery('#gform_17').append(contents);if(window['gformRedirect']) {gformRedirect();}}jQuery(document).trigger(\"gform_pre_post_render\", [{ formId: \"17\", currentPage: \"current_page\", abort: function() { this.preventDefault(); } }]);        if (event && event.defaultPrevented) {                return;        }        const gformWrapperDiv = document.getElementById( \"gform_wrapper_17\" );        if ( gformWrapperDiv ) {            const visibilitySpan = document.createElement( \"span\" );            visibilitySpan.id = \"gform_visibility_test_17\";            gformWrapperDiv.insertAdjacentElement( \"afterend\", visibilitySpan );        }        const visibilityTestDiv = document.getElementById( \"gform_visibility_test_17\" );        let postRenderFired = false;        function triggerPostRender() {            if ( postRenderFired ) {                return;            }            postRenderFired = true;            gform.core.triggerPostRenderEvents( 17, current_page );            if ( visibilityTestDiv ) {                visibilityTestDiv.parentNode.removeChild( visibilityTestDiv );            }        }        function debounce( func, wait, immediate ) {            var timeout;            return function() {                var context = this, args = arguments;                var later = function() {                    timeout = null;                    if ( !immediate ) func.apply( context, args );                };                var callNow = immediate && !timeout;                clearTimeout( timeout );                timeout = setTimeout( later, wait );                if ( callNow ) func.apply( context, args );            };        }        const debouncedTriggerPostRender = debounce( function() {            triggerPostRender();        }, 200 );        if ( visibilityTestDiv && visibilityTestDiv.offsetParent === null ) {            const observer = new MutationObserver( ( mutations ) => {                mutations.forEach( ( mutation ) => {                    if ( mutation.type === 'attributes' && visibilityTestDiv.offsetParent !== null ) {                        debouncedTriggerPostRender();                        observer.disconnect();                    }                });            });            observer.observe( document.body, {                attributes: true,                childList: false,                subtree: true,                attributeFilter: [ 'style', 'class' ],            });        } else {            triggerPostRender();        }    } );} ); \n\/* ]]> *\/\n<\/script>\n\n<\/div><\/section><\/div>\n","protected":false},"excerpt":{"rendered":"","protected":false},"author":3,"featured_media":0,"parent":4365,"menu_order":0,"comment_status":"closed","ping_status":"closed","template":"","meta":{"_coblocks_attr":"","_coblocks_dimensions":"","_coblocks_responsive_height":"","_coblocks_accordion_ie_support":"","footnotes":""},"class_list":["post-5335","page","type-page","status-publish","hentry"],"yoast_head":"<!-- This site is optimized with the Yoast SEO Premium plugin v27.0 (Yoast SEO v27.0) - https:\/\/yoast.com\/product\/yoast-seo-premium-wordpress\/ -->\n<title>Liderazgo - PI Masters International<\/title>\n<meta name=\"description\" content=\"La canalizaci\u00f3n del liderazgo: Aproveche el potencial de liderazgo de cada empleado. El liderazgo no es s\u00f3lo liderazgo.\" \/>\n<meta name=\"robots\" content=\"index, follow, max-snippet:-1, max-image-preview:large, max-video-preview:-1\" \/>\n<link rel=\"canonical\" href=\"https:\/\/pimasters.com\/es\/soluciones\/liderazgo\/\" \/>\n<meta property=\"og:locale\" content=\"es_ES\" \/>\n<meta property=\"og:type\" content=\"article\" \/>\n<meta property=\"og:title\" content=\"Liderazgo\" \/>\n<meta property=\"og:url\" content=\"https:\/\/pimasters.com\/es\/soluciones\/liderazgo\/\" \/>\n<meta property=\"og:site_name\" content=\"PI Masters International\" \/>\n<meta property=\"article:modified_time\" content=\"2023-08-16T18:37:02+00:00\" \/>\n<meta name=\"twitter:card\" content=\"summary_large_image\" \/>\n<meta name=\"twitter:label1\" content=\"Tiempo de lectura\" \/>\n\t<meta name=\"twitter:data1\" content=\"10 minutos\" \/>\n<script type=\"application\/ld+json\" class=\"yoast-schema-graph\">{\"@context\":\"https:\/\/schema.org\",\"@graph\":[{\"@type\":\"WebPage\",\"@id\":\"https:\/\/pimasters.com\/es\/soluciones\/liderazgo\/\",\"url\":\"https:\/\/pimasters.com\/es\/soluciones\/liderazgo\/\",\"name\":\"Liderazgo - PI Masters International\",\"isPartOf\":{\"@id\":\"https:\/\/pimasters.com\/es\/#website\"},\"datePublished\":\"2023-08-16T18:10:46+00:00\",\"dateModified\":\"2023-08-16T18:37:02+00:00\",\"description\":\"La canalizaci\u00f3n del liderazgo: Aproveche el potencial de liderazgo de cada empleado. El liderazgo no es s\u00f3lo liderazgo.\",\"breadcrumb\":{\"@id\":\"https:\/\/pimasters.com\/es\/soluciones\/liderazgo\/#breadcrumb\"},\"inLanguage\":\"es\",\"potentialAction\":[{\"@type\":\"ReadAction\",\"target\":[\"https:\/\/pimasters.com\/es\/soluciones\/liderazgo\/\"]}]},{\"@type\":\"BreadcrumbList\",\"@id\":\"https:\/\/pimasters.com\/es\/soluciones\/liderazgo\/#breadcrumb\",\"itemListElement\":[{\"@type\":\"ListItem\",\"position\":1,\"name\":\"Home\",\"item\":\"https:\/\/pimasters.com\/es\/pagina-principal-2\/\"},{\"@type\":\"ListItem\",\"position\":2,\"name\":\"Soluciones\",\"item\":\"https:\/\/pimasters.com\/es\/soluciones\/\"},{\"@type\":\"ListItem\",\"position\":3,\"name\":\"Liderazgo\"}]},{\"@type\":\"WebSite\",\"@id\":\"https:\/\/pimasters.com\/es\/#website\",\"url\":\"https:\/\/pimasters.com\/es\/\",\"name\":\"PI Masters International\",\"description\":\"Your PI and LPI Experts\",\"publisher\":{\"@id\":\"https:\/\/pimasters.com\/es\/#organization\"},\"potentialAction\":[{\"@type\":\"SearchAction\",\"target\":{\"@type\":\"EntryPoint\",\"urlTemplate\":\"https:\/\/pimasters.com\/es\/?s={search_term_string}\"},\"query-input\":{\"@type\":\"PropertyValueSpecification\",\"valueRequired\":true,\"valueName\":\"search_term_string\"}}],\"inLanguage\":\"es\"},{\"@type\":\"Organization\",\"@id\":\"https:\/\/pimasters.com\/es\/#organization\",\"name\":\"PI Masters International\",\"url\":\"https:\/\/pimasters.com\/es\/\",\"logo\":{\"@type\":\"ImageObject\",\"inLanguage\":\"es\",\"@id\":\"https:\/\/pimasters.com\/es\/#\/schema\/logo\/image\/\",\"url\":\"https:\/\/pimasters.com\/wp-content\/uploads\/2021\/02\/Logo-340x156-1.jpg\",\"contentUrl\":\"https:\/\/pimasters.com\/wp-content\/uploads\/2021\/02\/Logo-340x156-1.jpg\",\"width\":340,\"height\":156,\"caption\":\"PI Masters International\"},\"image\":{\"@id\":\"https:\/\/pimasters.com\/es\/#\/schema\/logo\/image\/\"},\"sameAs\":[\"https:\/\/www.linkedin.com\/in\/bergrobert\/\"]}]}<\/script>\n<!-- \/ Yoast SEO Premium plugin. -->","yoast_head_json":{"title":"Liderazgo - PI Masters International","description":"La canalizaci\u00f3n del liderazgo: Aproveche el potencial de liderazgo de cada empleado. El liderazgo no es s\u00f3lo liderazgo.","robots":{"index":"index","follow":"follow","max-snippet":"max-snippet:-1","max-image-preview":"max-image-preview:large","max-video-preview":"max-video-preview:-1"},"canonical":"https:\/\/pimasters.com\/es\/soluciones\/liderazgo\/","og_locale":"es_ES","og_type":"article","og_title":"Liderazgo","og_url":"https:\/\/pimasters.com\/es\/soluciones\/liderazgo\/","og_site_name":"PI Masters International","article_modified_time":"2023-08-16T18:37:02+00:00","twitter_card":"summary_large_image","twitter_misc":{"Tiempo de lectura":"10 minutos"},"schema":{"@context":"https:\/\/schema.org","@graph":[{"@type":"WebPage","@id":"https:\/\/pimasters.com\/es\/soluciones\/liderazgo\/","url":"https:\/\/pimasters.com\/es\/soluciones\/liderazgo\/","name":"Liderazgo - PI Masters International","isPartOf":{"@id":"https:\/\/pimasters.com\/es\/#website"},"datePublished":"2023-08-16T18:10:46+00:00","dateModified":"2023-08-16T18:37:02+00:00","description":"La canalizaci\u00f3n del liderazgo: Aproveche el potencial de liderazgo de cada empleado. El liderazgo no es s\u00f3lo liderazgo.","breadcrumb":{"@id":"https:\/\/pimasters.com\/es\/soluciones\/liderazgo\/#breadcrumb"},"inLanguage":"es","potentialAction":[{"@type":"ReadAction","target":["https:\/\/pimasters.com\/es\/soluciones\/liderazgo\/"]}]},{"@type":"BreadcrumbList","@id":"https:\/\/pimasters.com\/es\/soluciones\/liderazgo\/#breadcrumb","itemListElement":[{"@type":"ListItem","position":1,"name":"Home","item":"https:\/\/pimasters.com\/es\/pagina-principal-2\/"},{"@type":"ListItem","position":2,"name":"Soluciones","item":"https:\/\/pimasters.com\/es\/soluciones\/"},{"@type":"ListItem","position":3,"name":"Liderazgo"}]},{"@type":"WebSite","@id":"https:\/\/pimasters.com\/es\/#website","url":"https:\/\/pimasters.com\/es\/","name":"PI Masters International","description":"Your PI and LPI Experts","publisher":{"@id":"https:\/\/pimasters.com\/es\/#organization"},"potentialAction":[{"@type":"SearchAction","target":{"@type":"EntryPoint","urlTemplate":"https:\/\/pimasters.com\/es\/?s={search_term_string}"},"query-input":{"@type":"PropertyValueSpecification","valueRequired":true,"valueName":"search_term_string"}}],"inLanguage":"es"},{"@type":"Organization","@id":"https:\/\/pimasters.com\/es\/#organization","name":"PI Masters International","url":"https:\/\/pimasters.com\/es\/","logo":{"@type":"ImageObject","inLanguage":"es","@id":"https:\/\/pimasters.com\/es\/#\/schema\/logo\/image\/","url":"https:\/\/pimasters.com\/wp-content\/uploads\/2021\/02\/Logo-340x156-1.jpg","contentUrl":"https:\/\/pimasters.com\/wp-content\/uploads\/2021\/02\/Logo-340x156-1.jpg","width":340,"height":156,"caption":"PI Masters International"},"image":{"@id":"https:\/\/pimasters.com\/es\/#\/schema\/logo\/image\/"},"sameAs":["https:\/\/www.linkedin.com\/in\/bergrobert\/"]}]}},"_links":{"self":[{"href":"https:\/\/pimasters.com\/es\/wp-json\/wp\/v2\/pages\/5335","targetHints":{"allow":["GET"]}}],"collection":[{"href":"https:\/\/pimasters.com\/es\/wp-json\/wp\/v2\/pages"}],"about":[{"href":"https:\/\/pimasters.com\/es\/wp-json\/wp\/v2\/types\/page"}],"author":[{"embeddable":true,"href":"https:\/\/pimasters.com\/es\/wp-json\/wp\/v2\/users\/3"}],"replies":[{"embeddable":true,"href":"https:\/\/pimasters.com\/es\/wp-json\/wp\/v2\/comments?post=5335"}],"version-history":[{"count":5,"href":"https:\/\/pimasters.com\/es\/wp-json\/wp\/v2\/pages\/5335\/revisions"}],"predecessor-version":[{"id":5340,"href":"https:\/\/pimasters.com\/es\/wp-json\/wp\/v2\/pages\/5335\/revisions\/5340"}],"up":[{"embeddable":true,"href":"https:\/\/pimasters.com\/es\/wp-json\/wp\/v2\/pages\/4365"}],"wp:attachment":[{"href":"https:\/\/pimasters.com\/es\/wp-json\/wp\/v2\/media?parent=5335"}],"curies":[{"name":"wp","href":"https:\/\/api.w.org\/{rel}","templated":true}]}}